
{"id":3688,"date":"2024-12-04T18:48:00","date_gmt":"2024-12-04T18:48:00","guid":{"rendered":"https:\/\/w-8.tax\/inicio\/"},"modified":"2024-12-12T21:02:26","modified_gmt":"2024-12-12T21:02:26","slug":"inicio","status":"publish","type":"page","link":"https:\/\/w-8.tax\/pt-pt\/","title":{"rendered":"Inicio"},"content":{"rendered":"<div class=\"wpb-content-wrapper\"><section data-vc-full-width=\"true\" data-vc-full-width-init=\"false\" class=\"vc_section vc_custom_1733338787670 vc_section-has-fill\"><div data-vc-full-width=\"true\" data-vc-full-width-init=\"false\" data-vc-stretch-content=\"true\" class=\"vc_row wpb_row row top-row wpb_custom_034b39d9bc6c6b310d69e39f0ccf274f\"><div class=\"vc_column_container col-md-12 offset-lg-2 col-lg-8\"><div class=\"wpb_wrapper vc_column-inner\"><div class=\"porto-u-heading titulo_botom-slider  wpb_custom_95aa9a11c17ad45cfabaf210d84ee7cc porto-u-55ca8359258f9a412be7e73af65d2aac \"><div class=\"porto-u-main-heading\"><h2   style=\"color:var(--porto-light-color);\">Precisa preencher um formul\u00e1rio W-8 e n\u00e3o sabe por onde come\u00e7ar? N\u00e3o se preocupe mais! A W-8 TAX est\u00e1 aqui para simplificar o processo e ajud\u00e1-lo a completar o formul\u00e1rio correto sem complica\u00e7\u00f5es.<\/h2><\/div><style>.porto-u-55ca8359258f9a412be7e73af65d2aac.porto-u-heading{text-align:center}<\/style><\/div><\/div><\/div><\/div><div class=\"vc_row-full-width vc_clearfix\"><\/div><\/section><div class=\"vc_row-full-width vc_clearfix\"><\/div><section id=\"whats\" data-vc-full-width=\"true\" data-vc-full-width-init=\"false\" class=\"vc_section vc_custom_1733338799857\"><div class=\"vc_row wpb_row top-row porto-inner-container wpb_custom_034b39d9bc6c6b310d69e39f0ccf274f\"><div class=\"porto-wrap-container container\"><div class=\"row\"><div class=\"vc_column_container col-md-12\"><div class=\"wpb_wrapper vc_column-inner\"><div class=\"porto-u-heading titulo-general  wpb_custom_95aa9a11c17ad45cfabaf210d84ee7cc porto-u-ad87e2eaf3f9c495180fe0156ddf3eb0 \"><div class=\"porto-u-main-heading\"><h1  >O que \u00e9 o W-8 e para que serve?<\/h1><\/div><style>.porto-u-ad87e2eaf3f9c495180fe0156ddf3eb0.porto-u-heading{text-align:left}<\/style><\/div><\/div><\/div><\/div><\/div><\/div><div class=\"vc_row wpb_row top-row porto-inner-container wpb_custom_034b39d9bc6c6b310d69e39f0ccf274f\"><div class=\"porto-wrap-container container\"><div class=\"row\"><div class=\"vc_column_container col-md-12\"><div class=\"wpb_wrapper vc_column-inner\">\r\n\t<div class=\"wpb_text_column wpb_content_element wpb_custom_7c91d232724f73626cc933bd95b25ff0\" >\r\n\t\t<div class=\"wpb_wrapper\">\r\n\t\t\t<p>Os formul\u00e1rios da s\u00e9rie W-8 s\u00e3o documentos oficiais do Servi\u00e7o de Impostos Internos dos Estados Unidos (IRS) que devem ser preenchidos por pessoas ou entidades estrangeiras (n\u00e3o norte-americanas) que recebam rendimentos de fontes nos EUA ou que possuam contas financeiras em institui\u00e7\u00f5es de qualquer parte do mundo, quando essas institui\u00e7\u00f5es estiverem obrigadas a cumprir a Lei de Conformidade Tribut\u00e1ria de Contas Estrangeiras (FATCA) dos EUA.<\/p>\n<p>Esses formul\u00e1rios permitem certificar que voc\u00ea n\u00e3o \u00e9 uma Pessoa Americana, o que pode isent\u00e1-lo de que sua conta seja reportada ao IRS sob FATCA, evitar a aplica\u00e7\u00e3o de certos impostos sobre rendimentos gerados nos EUA ou permitir que voc\u00ea se beneficie de taxas de reten\u00e7\u00e3o reduzidas devido aos tratados fiscais entre os EUA e seu pa\u00eds de resid\u00eancia.<\/p>\n\r\n\t\t<\/div>\r\n\t<\/div>\r\n<div class=\"vc_row wpb_row vc_inner row\"><div class=\"vc_column_container col-md-12\"><div class=\"wpb_wrapper vc_column-inner\"><div class=\"vc_btn3-container vc_btn3-left vc_do_btn\" >\r\n\t<a class=\"vc_btn3 vc_btn3-shape-default wpb_custom_6687b26f39488ddbb85ddb3c1ce8e111 btn btn-flat btn-md btn-primary\" style=\"font-size:16px; font-weight:500; padding:8px 25px;\" href=\"https:\/\/w-8.tax\/pt-pt\/que-es-el-w-8-y-para-que-se-usa\/\" title=\"LEER M\u00c1S\">Ler mais<\/a>\t<\/div>\r\n<\/div><\/div><\/div><\/div><\/div><\/div><\/div><\/div><\/section><div class=\"vc_row-full-width vc_clearfix\"><\/div><section id=\"sobrew-8\" data-vc-full-width=\"true\" data-vc-full-width-init=\"false\" class=\"vc_section vc_custom_1733338808121\"><div class=\"vc_row wpb_row top-row porto-inner-container wpb_custom_034b39d9bc6c6b310d69e39f0ccf274f\"><div class=\"porto-wrap-container container\"><div class=\"row\"><div class=\"vc_column_container col-md-12\"><div class=\"wpb_wrapper vc_column-inner\"><div class=\"porto-u-heading titulo-general  wpb_custom_95aa9a11c17ad45cfabaf210d84ee7cc porto-u-ad87e2eaf3f9c495180fe0156ddf3eb0 \"><div class=\"porto-u-main-heading\"><h1  >O que torna a W-8 TAX \u00fanica?<\/h1><\/div><style>.porto-u-ad87e2eaf3f9c495180fe0156ddf3eb0.porto-u-heading{text-align:left}<\/style><\/div><\/div><\/div><\/div><\/div><\/div><div class=\"vc_row wpb_row top-row vc_custom_1727193255216 porto-inner-container wpb_custom_034b39d9bc6c6b310d69e39f0ccf274f\"><div class=\"porto-wrap-container container\"><div class=\"row\"><div class=\"content_box-descrip-do vc_column_container col-md-6 col-xl-3\"><div class=\"wpb_wrapper vc_column-inner\"><div class=\"porto-sicon-box box-descrip-do  wpb_custom_39051c39df5219d7a12dc166a0fe073b style_1 top-icon\"><div class=\"porto-sicon-top\"><div class=\"porto-just-icon-wrapper porto-icon advanced\" style=\"color:#0026c6;background:var(--porto-light-color);width:60px;height:60px;line-height:60px;border-radius:500px;font-size:32px;\"><i class=\"fas fa-brain\"><\/i><\/div><\/div><div class=\"porto-sicon-header\"><h3 class=\"porto-sicon-title\" style=\"\">Automa\u00e7\u00e3o Inteligente<\/h3><\/div> <!-- header --><div class=\"porto-sicon-description\" style=\"\">Voc\u00ea n\u00e3o precisa saber qual tipo de formul\u00e1rio W-8 lhe corresponde (W-8BEN, W-8BEN-E ou W-8IMY). Basta responder perguntas simples e nossa plataforma identificar\u00e1 o formul\u00e1rio adequado e o preencher\u00e1 para voc\u00ea. Parametrizamos os casos mais comuns.<\/div> <!-- description --><\/div><!-- porto-sicon-box --><\/div><\/div><div class=\"content_box-descrip-do vc_column_container col-md-6 col-xl-3\"><div class=\"wpb_wrapper vc_column-inner\"><div class=\"porto-sicon-box box-descrip-do  wpb_custom_39051c39df5219d7a12dc166a0fe073b style_1 top-icon\"><div class=\"porto-sicon-top\"><div class=\"porto-just-icon-wrapper porto-icon advanced\" style=\"color:#0026c6;background:var(--porto-light-color);width:60px;height:60px;line-height:60px;border-radius:500px;font-size:32px;\"><i class=\"fas fa-comment-dots\"><\/i><\/div><\/div><div class=\"porto-sicon-header\"><h3 class=\"porto-sicon-title\" style=\"\">Desenvolvida para voc\u00ea<\/h3><\/div> <!-- header --><div class=\"porto-sicon-description\" style=\"\">Criada especificamente para falantes de portugu\u00eas e espanhol no <strong>M\u00e9xico, Am\u00e9rica Central, Am\u00e9rica do Sul, Espanha<\/strong> e <strong>Portugal<\/strong>. Tudo no seu idioma, sem complica\u00e7\u00f5es.<\/div> <!-- description --><\/div><!-- porto-sicon-box --><\/div><\/div><div class=\"content_box-descrip-do vc_column_container col-md-6 col-xl-3\"><div class=\"wpb_wrapper vc_column-inner\"><div class=\"porto-sicon-box box-descrip-do  wpb_custom_39051c39df5219d7a12dc166a0fe073b style_1 top-icon\"><div class=\"porto-sicon-top\"><div class=\"porto-just-icon-wrapper porto-icon advanced\" style=\"color:#0026c6;background:var(--porto-light-color);width:60px;height:60px;line-height:60px;border-radius:500px;font-size:32px;\"><i class=\"fas fa-balance-scale\"><\/i><\/div><\/div><div class=\"porto-sicon-header\"><h3 class=\"porto-sicon-title\" style=\"\">Conformidade com Tratados Fiscais<\/h3><\/div> <!-- header --><div class=\"porto-sicon-description\" style=\"\">Conformidade com Tratados Fiscais. Se o seu pa\u00eds possui um tratado para evitar a dupla tributa\u00e7\u00e3o com os EUA, aplicaremos automaticamente os benef\u00edcios para voc\u00ea.<\/div> <!-- description --><\/div><!-- porto-sicon-box --><\/div><\/div><div class=\"content_box-descrip-do vc_column_container col-md-6 col-xl-3\"><div class=\"wpb_wrapper vc_column-inner\"><div class=\"porto-sicon-box box-descrip-do  wpb_custom_39051c39df5219d7a12dc166a0fe073b style_1 top-icon\"><div class=\"porto-sicon-top\"><div class=\"porto-just-icon-wrapper porto-icon advanced\" style=\"color:#0026c6;background:#ffffff;width:60px;height:60px;line-height:60px;border-radius:500px;font-size:32px;\"><i class=\"fas fa-hand-holding-usd\"><\/i><\/div><\/div><div class=\"porto-sicon-header\"><h3 class=\"porto-sicon-title\" style=\"\">Pre\u00e7os Transparentes<\/h3><\/div> <!-- header --><div class=\"porto-sicon-description\" style=\"\">Pre\u00e7os Transparentes. Por apenas <strong>USD 10<\/strong> para pessoas f\u00edsicas e <strong>USD 35<\/strong> para entidades (empresas, sociedades, funda\u00e7\u00f5es, trusts), voc\u00ea receber\u00e1 seu formul\u00e1rio W-8 totalmente preenchido e pronto para que sua institui\u00e7\u00e3o financeira de qualquer pa\u00eds possa valid\u00e1-lo.<\/div> <!-- description --><\/div><!-- porto-sicon-box --><\/div><\/div><\/div><\/div><\/div><\/section><div class=\"vc_row-full-width vc_clearfix\"><\/div><section data-vc-full-width=\"true\" data-vc-full-width-init=\"false\" class=\"vc_section position-relative overflow-hidden vc_custom_1733338814878\"><div class=\"vc_row wpb_row top-row porto-inner-container wpb_custom_034b39d9bc6c6b310d69e39f0ccf274f\"><div class=\"porto-wrap-container container\"><div class=\"row\"><div class=\"vc_column_container col-md-12\"><div class=\"wpb_wrapper vc_column-inner\"><div class=\"porto-u-heading titulo-general  wpb_custom_95aa9a11c17ad45cfabaf210d84ee7cc porto-u-ad87e2eaf3f9c495180fe0156ddf3eb0 \"><div class=\"porto-u-main-heading\"><h1  >Por que escolher a W-8 TAX?<\/h1><\/div><style>.porto-u-ad87e2eaf3f9c495180fe0156ddf3eb0.porto-u-heading{text-align:left}<\/style><\/div><\/div><\/div><\/div><\/div><\/div><div class=\"vc_row wpb_row top-row vc_custom_1727199855669 porto-inner-container wpb_custom_034b39d9bc6c6b310d69e39f0ccf274f\"><div class=\"porto-wrap-container container\"><div class=\"row\"><div class=\"pr-lg-5 vc_column_container col-md-12 col-lg-6\"><div class=\"wpb_wrapper vc_column-inner\"><div class=\"vc_row wpb_row vc_inner row\"><div class=\"vc_column_container col-md-12\"><div class=\"wpb_wrapper vc_column-inner\"><div class=\"porto-u-heading content-historia  wpb_custom_ca7745733337c8ed2017c346bae54ed8 porto-u-ad87e2eaf3f9c495180fe0156ddf3eb0 \"><div class=\"porto-u-sub-heading\" style=\"\"><strong>Mais de 25.000 horas de experi\u00eancia<\/strong> respaldam nosso servi\u00e7o. Sabemos o quanto \u00e9 importante para voc\u00ea e para as institui\u00e7\u00f5es financeiras ter esses formul\u00e1rios corretamente preenchidos e sem atrasos.<\/div><style>.porto-u-ad87e2eaf3f9c495180fe0156ddf3eb0.porto-u-heading{text-align:left}<\/style><\/div><div class=\"porto-u-heading content-historia  wpb_custom_ca7745733337c8ed2017c346bae54ed8 porto-u-ad87e2eaf3f9c495180fe0156ddf3eb0 \"><div class=\"porto-u-sub-heading\" style=\"\"><strong>F\u00e1cil, r\u00e1pido e seguro.<\/strong> Nosso sistema foi desenvolvido para que qualquer pessoa, sem conhecimentos t\u00e9cnicos ou tribut\u00e1rios, consiga gerar seu formul\u00e1rio rapidamente e com total confian\u00e7a.<\/div><style>.porto-u-ad87e2eaf3f9c495180fe0156ddf3eb0.porto-u-heading{text-align:left}<\/style><\/div><div class=\"porto-u-heading content-historia  wpb_custom_ca7745733337c8ed2017c346bae54ed8 porto-u-ad87e2eaf3f9c495180fe0156ddf3eb0 \"><div class=\"porto-u-sub-heading\" style=\"\"><strong>Assist\u00eancia personalizada<\/strong>. Se o seu caso for particularmente complexo e n\u00e3o puder ser resolvido automaticamente pela plataforma, nossa equipe de especialistas em tributa\u00e7\u00e3o internacional estar\u00e1 dispon\u00edvel para responder suas d\u00favidas.<\/div><style>.porto-u-ad87e2eaf3f9c495180fe0156ddf3eb0.porto-u-heading{text-align:left}<\/style><\/div><div class=\"porto-u-heading content-historia  wpb_custom_ca7745733337c8ed2017c346bae54ed8 porto-u-ad87e2eaf3f9c495180fe0156ddf3eb0 \"><div class=\"porto-u-sub-heading\" style=\"\"><strong>Evite reten\u00e7\u00f5es desnecess\u00e1rias<\/strong>. Um formul\u00e1rio W-8 corretamente preenchido evitar\u00e1 que voc\u00ea sofra uma reten\u00e7\u00e3o de 30% sobre certos rendimentos ou que sua conta seja bloqueada.<\/div><style>.porto-u-ad87e2eaf3f9c495180fe0156ddf3eb0.porto-u-heading{text-align:left}<\/style><\/div><\/div><\/div><\/div><div class=\"vc_row wpb_row vc_inner row z-2 position-relative\"><div class=\"vc_column_container col-md-12\"><div class=\"wpb_wrapper vc_column-inner\"><div class=\"vc_btn3-container  cursor-pointer vc_btn3-left vc_do_btn\" >\r\n\t<a class=\"vc_btn3 vc_btn3-shape-default wpb_custom_6687b26f39488ddbb85ddb3c1ce8e111 btn btn-flat btn-md btn-primary\" style=\"font-size:16px; font-weight:500; padding:8px 25px;\" href=\"https:\/\/w-8.tax\/pt-pt\/formulario\/\" title=\"COMIENZA AHORA\">COMECE AGORA<\/a>\t<\/div>\r\n<\/div><\/div><\/div><\/div><\/div><div class=\"vc_column_container col-md-12 col-lg-6 vc_custom_1727202019528\"><div class=\"wpb_wrapper vc_column-inner\">\r\n\t<div class=\"wpb_single_image wpb_content_element vc_align_center wpb_content_element  vc_custom_1734027252188  img-vector_form wpb_custom_81a4f7ef9830bf958462581aa01150fb\"><div class=\"wpb_wrapper\">\r\n\t\t\t\r\n\t\t\t<a href=\"https:\/\/www.giin.tax\/\" target=\"_blank\"><div class=\"vc_single_image-wrapper   vc_box_border_grey\"><img loading=\"lazy\" decoding=\"async\" width=\"1\" height=\"1\" src=\"https:\/\/w-8.tax\/wp-content\/uploads\/2024\/10\/vector-gin-01-01.svg\" class=\"vc_single_image-img attachment-full\" alt=\"\" title=\"vector-gin-01-01\" \/><\/div><\/a>\r\n\t\t<\/div>\r\n\t<\/div>\r\n<\/div><\/div><\/div><\/div><\/div><div class=\"vc_row wpb_row row top-row content-lined-degress wpb_custom_034b39d9bc6c6b310d69e39f0ccf274f\"><div class=\"vc_column_container col-md-12\"><div class=\"wpb_wrapper vc_column-inner\">\r\n\t<div class=\"wpb_single_image wpb_content_element vc_align_left wpb_content_element  vc_custom_1731516855919  z-1 wpb_custom_81a4f7ef9830bf958462581aa01150fb\"><div class=\"wpb_wrapper\">\r\n\t\t\t\r\n\t\t\t<div class=\"vc_single_image-wrapper   vc_box_border_grey\"><img loading=\"lazy\" decoding=\"async\" width=\"1\" height=\"1\" src=\"https:\/\/w-8.tax\/wp-content\/uploads\/2024\/09\/line-degres-1.svg\" class=\"vc_single_image-img attachment-full\" alt=\"\" title=\"line-degres-1\" \/><\/div>\r\n\t\t<\/div>\r\n\t<\/div>\r\n<\/div><\/div><\/div><\/section><div class=\"vc_row-full-width vc_clearfix\"><\/div><section data-vc-full-width=\"true\" data-vc-full-width-init=\"false\" class=\"vc_section vc_custom_1733338822326 vc_section-has-fill\"><div class=\"vc_row wpb_row top-row vc_custom_1727203846429 porto-inner-container wpb_custom_034b39d9bc6c6b310d69e39f0ccf274f\"><div class=\"porto-wrap-container container\"><div class=\"row\"><div class=\"vc_column_container col-md-12\"><div class=\"wpb_wrapper vc_column-inner\"><div class=\"porto-block\" data-id=\"3617\"><style>.vc_custom_1734467138099{margin-bottom: 0px !important;}.wpb_custom_c9817bf9cbe0dcc8e82271db30fa6d2a .porto-u-sub-heading{font-size:20px;}.wpb_custom_c9817bf9cbe0dcc8e82271db30fa6d2a .porto-u-sub-heading{font-weight:500;line-height:25px;}<\/style><div class=\"vc_row wpb_row row top-row call-to-ation_content wpb_custom_034b39d9bc6c6b310d69e39f0ccf274f\"><div class=\"call-to-ation_content_text vc_column_container col-md-12 col-lg-8\"><div class=\"wpb_wrapper vc_column-inner\"><div class=\"porto-u-heading titulo-general  wpb_custom_c9817bf9cbe0dcc8e82271db30fa6d2a porto-u-ad87e2eaf3f9c495180fe0156ddf3eb0 \"><div class=\"porto-u-main-heading\"><h1   style=\"color:var(--porto-light-color);\">Esque\u00e7a a confus\u00e3o e os erros<\/h1><\/div><div class=\"porto-u-sub-heading\" style=\"color: #ffffff;\">Obtenha seu formul\u00e1rio W-8 em minutos e continue com suas transa\u00e7\u00f5es financeiras sem contratempos.<\/div><style>.porto-u-ad87e2eaf3f9c495180fe0156ddf3eb0.porto-u-heading{text-align:left}<\/style><\/div><\/div><\/div><div class=\"btn-call-action vc_column_container col-md-12 col-lg-4\"><div class=\"wpb_wrapper vc_column-inner\">\n\t<div class=\"wpb_raw_code wpb_raw_html wpb_content_element vc_custom_1734467138099\" >\n\t\t<div class=\"wpb_wrapper\">\n\t\t\t<div class=\"content-btn pb-lg-0 pb-3\"><a class=\"btn-hero reverse\" href=\"https:\/\/w-8.tax\/pt-pt\/formulario\">COMECE AGORA<\/a><\/div>\n\t\t<\/div>\n\t<\/div>\n<\/div><\/div><\/div><\/div><\/div><\/div><\/div><\/div><\/div><\/section><div class=\"vc_row-full-width vc_clearfix\"><\/div>\n<\/div>","protected":false},"excerpt":{"rendered":"Precisa preencher um formul\u00e1rio W-8 e n\u00e3o sabe por onde come\u00e7ar? N\u00e3o se preocupe mais! A W-8 TAX est\u00e1 aqui para simplificar o processo e ajud\u00e1-lo a completar o formul\u00e1rio correto sem complica\u00e7\u00f5es.O que \u00e9 o W-8 e para que serve? Os formul\u00e1rios da s\u00e9rie W-8 s\u00e3o documentos oficiais do Servi\u00e7o de Impostos Internos dos [...]","protected":false},"author":1,"featured_media":0,"parent":0,"menu_order":0,"comment_status":"closed","ping_status":"closed","template":"","meta":{"inline_featured_image":false,"footnotes":""},"class_list":["post-3688","page","type-page","status-publish","hentry"],"_links":{"self":[{"href":"https:\/\/w-8.tax\/pt-pt\/wp-json\/wp\/v2\/pages\/3688","targetHints":{"allow":["GET"]}}],"collection":[{"href":"https:\/\/w-8.tax\/pt-pt\/wp-json\/wp\/v2\/pages"}],"about":[{"href":"https:\/\/w-8.tax\/pt-pt\/wp-json\/wp\/v2\/types\/page"}],"author":[{"embeddable":true,"href":"https:\/\/w-8.tax\/pt-pt\/wp-json\/wp\/v2\/users\/1"}],"replies":[{"embeddable":true,"href":"https:\/\/w-8.tax\/pt-pt\/wp-json\/wp\/v2\/comments?post=3688"}],"version-history":[{"count":0,"href":"https:\/\/w-8.tax\/pt-pt\/wp-json\/wp\/v2\/pages\/3688\/revisions"}],"wp:attachment":[{"href":"https:\/\/w-8.tax\/pt-pt\/wp-json\/wp\/v2\/media?parent=3688"}],"curies":[{"name":"wp","href":"https:\/\/api.w.org\/{rel}","templated":true}]}}