
{"id":3604,"date":"2024-10-01T15:13:51","date_gmt":"2024-10-01T15:13:51","guid":{"rendered":"https:\/\/w-8.tax\/terminos-y-condiciones-de-uso\/"},"modified":"2024-12-10T20:25:36","modified_gmt":"2024-12-10T20:25:36","slug":"terminos-y-condiciones-de-uso","status":"publish","type":"page","link":"https:\/\/w-8.tax\/pt-pt\/terminos-y-condiciones-de-uso\/","title":{"rendered":"T\u00e9rminos y condiciones de uso"},"content":{"rendered":"<div class=\"wpb-content-wrapper\"><section class=\"vc_section vc_custom_1727794980687\"><div id=\"d-none\" class=\"vc_row wpb_row top-row porto-inner-container wpb_custom_034b39d9bc6c6b310d69e39f0ccf274f\"><div class=\"porto-wrap-container container\"><div class=\"row\"><div class=\"vc_column_container col-md-12\"><div class=\"wpb_wrapper vc_column-inner\"><div class=\"porto-u-heading titulo-general  wpb_custom_95aa9a11c17ad45cfabaf210d84ee7cc porto-u-ad87e2eaf3f9c495180fe0156ddf3eb0 \"><div class=\"porto-u-main-heading\"><h1  >Termos e Condi\u00e7\u00f5es de Uso<\/h1><\/div><style>.porto-u-ad87e2eaf3f9c495180fe0156ddf3eb0.porto-u-heading{text-align:left}<\/style><\/div><\/div><\/div><\/div><\/div><\/div><div class=\"vc_row wpb_row top-row porto-inner-container wpb_custom_034b39d9bc6c6b310d69e39f0ccf274f\"><div class=\"porto-wrap-container container\"><div class=\"row\"><div class=\"vc_column_container col-md-12\"><div class=\"wpb_wrapper vc_column-inner\">\r\n\t<div class=\"wpb_text_column wpb_content_element wpb_custom_7c91d232724f73626cc933bd95b25ff0\" >\r\n\t\t<div class=\"wpb_wrapper\">\r\n\t\t\t<p>Ao acessar e utilizar a plataforma da GIINTAX LATAM, S.E.P. para o preenchimento de formul\u00e1rios W-8, voc\u00ea concorda com os seguintes termos e condi\u00e7\u00f5es. Caso n\u00e3o concorde com estes termos, n\u00e3o dever\u00e1 utilizar nossa plataforma.<\/p>\n<p><strong><b>Aceita\u00e7\u00e3o dos Termos<\/b><\/strong><\/p>\n<p>Ao clicar em \u00abAceito\u00bb ou ao utilizar nossos servi\u00e7os, voc\u00ea declara que leu, entendeu e aceita estes termos e condi\u00e7\u00f5es. Al\u00e9m disso, ao fazer uso de nossa plataforma, voc\u00ea afirma e garante que n\u00e3o \u00e9 cidad\u00e3o nem residente dos Estados Unidos, nem uma pessoa sujeita a impostos naquele pa\u00eds, e que n\u00e3o est\u00e1 utilizando esta plataforma em nome de uma entidade controlada por cidad\u00e3os ou residentes norte-americanos.<\/p>\n<p><strong><b>Descri\u00e7\u00e3o do Servi\u00e7o<\/b><\/strong><\/p>\n<p>A plataforma da GIINTAX LATAM, S.E.P. permite aos usu\u00e1rios preencher formul\u00e1rios W-8 de maneira automatizada. N\u00e3o fornecemos consultoria fiscal ou jur\u00eddica por meio da plataforma.<\/p>\n<p><strong><b>Limita\u00e7\u00e3o de Responsabilidade<\/b><\/strong><\/p>\n<p>Uso do Servi\u00e7o: Voc\u00ea entende e aceita que o uso de nossa plataforma \u00e9 por sua conta e risco. N\u00e3o garantimos que as informa\u00e7\u00f5es fornecidas sejam precisas, completas ou atualizadas, pois dependem das respostas fornecidas por voc\u00ea \u00e0 plataforma.<\/p>\n<p>Isen\u00e7\u00e3o de Responsabilidade: A GIINTAX LATAM, S.E.P. n\u00e3o assume qualquer responsabilidade por danos de qualquer natureza, diretos ou indiretos, incidentais, especiais, consequenciais ou punitivos, que possam surgir do uso ou da impossibilidade de uso de nossa plataforma, independentemente da causa ou da teoria de responsabilidade. Isso inclui, mas n\u00e3o se limita a, perdas de lucro, interrup\u00e7\u00e3o de neg\u00f3cios, perda de informa\u00e7\u00f5es ou quaisquer outras perdas financeiras, morais ou reputacionais.<\/p>\n<p>Indeniza\u00e7\u00e3o: Voc\u00ea se compromete a indenizar e manter isenta a GIINTAX LATAM, S.E.P., bem como seus afiliados, diretores, funcion\u00e1rios e agentes, contra qualquer reclama\u00e7\u00e3o, perda, responsabilidade, dano, custo ou despesa (incluindo honor\u00e1rios advocat\u00edcios razo\u00e1veis) que surjam do uso da plataforma por voc\u00ea ou da viola\u00e7\u00e3o destes termos.<\/p>\n<p><strong><b>Limita\u00e7\u00f5es do Servi\u00e7o<\/b><\/strong><\/p>\n<p>Sem Consultoria Profissional: As informa\u00e7\u00f5es e os formul\u00e1rios gerados por nossa plataforma n\u00e3o constituem consultoria jur\u00eddica ou fiscal. Recomenda-se consultar um profissional qualificado para qualquer d\u00favida espec\u00edfica relacionada a impostos.<\/p>\n<p>Acesso e Disponibilidade: N\u00e3o garantimos que o acesso \u00e0 plataforma seja ininterrupto ou livre de erros. Reservamo-nos o direito de interromper ou modificar o servi\u00e7o a qualquer momento.<\/p>\n<p><strong><b>Modifica\u00e7\u00f5es dos Termos<\/b><\/strong><\/p>\n<p>Reservamo-nos o direito de modificar estes termos a qualquer momento. As altera\u00e7\u00f5es ser\u00e3o efetivas no momento de sua publica\u00e7\u00e3o na plataforma. O uso cont\u00ednuo da plataforma ap\u00f3s a publica\u00e7\u00e3o de altera\u00e7\u00f5es constitui sua aceita\u00e7\u00e3o de tais mudan\u00e7as.<\/p>\n<p><strong><b>Legisla\u00e7\u00e3o Aplic\u00e1vel<\/b><\/strong><\/p>\n<p>Estes termos ser\u00e3o regidos e interpretados de acordo com as leis da Rep\u00fablica do Panam\u00e1. Qualquer disputa que surja em rela\u00e7\u00e3o a estes termos ser\u00e1 resolvida perante os tribunais ordin\u00e1rios da Cidade do Panam\u00e1.<\/p>\n<p><strong><b>Prote\u00e7\u00e3o de Dados<\/b><\/strong><\/p>\n<p>A GIINTAX LATAM, S.E.P. compromete-se a proteger a privacidade e os dados pessoais dos usu\u00e1rios, de acordo com as leis aplic\u00e1veis de prote\u00e7\u00e3o de dados, incluindo, quando aplic\u00e1vel, a Lei N\u00ba 81 de Prote\u00e7\u00e3o de Dados Pessoais do Panam\u00e1 e outras regulamenta\u00e7\u00f5es internacionais pertinentes.<\/p>\n<p>Ao utilizar nossa plataforma, voc\u00ea consente com o tratamento de seus dados pessoais para os fins espec\u00edficos da presta\u00e7\u00e3o do servi\u00e7o, incluindo o preenchimento automatizado de formul\u00e1rios W-8 e a gest\u00e3o de suas informa\u00e7\u00f5es de acordo com nossa pol\u00edtica de privacidade. Essas informa\u00e7\u00f5es ser\u00e3o utilizadas exclusivamente para os fins indicados e n\u00e3o ser\u00e3o compartilhadas com terceiros sem o seu consentimento expresso, exceto quando exigido por lei.<\/p>\n\r\n\t\t<\/div>\r\n\t<\/div>\r\n<\/div><\/div><\/div><\/div><\/div><\/section><section class=\"vc_section vc_custom_1727797164247 vc_section-has-fill\"><div class=\"vc_row wpb_row top-row vc_custom_1727203846429 porto-inner-container wpb_custom_034b39d9bc6c6b310d69e39f0ccf274f\"><div class=\"porto-wrap-container container\"><div class=\"row\"><div class=\"vc_column_container col-md-12\"><div class=\"wpb_wrapper vc_column-inner\"><div class=\"porto-block\" data-id=\"3617\"><style>.vc_custom_1734467138099{margin-bottom: 0px !important;}.wpb_custom_c9817bf9cbe0dcc8e82271db30fa6d2a .porto-u-sub-heading{font-size:20px;}.wpb_custom_c9817bf9cbe0dcc8e82271db30fa6d2a .porto-u-sub-heading{font-weight:500;line-height:25px;}<\/style><div class=\"vc_row wpb_row row top-row call-to-ation_content wpb_custom_034b39d9bc6c6b310d69e39f0ccf274f\"><div class=\"call-to-ation_content_text vc_column_container col-md-12 col-lg-8\"><div class=\"wpb_wrapper vc_column-inner\"><div class=\"porto-u-heading titulo-general  wpb_custom_c9817bf9cbe0dcc8e82271db30fa6d2a porto-u-ad87e2eaf3f9c495180fe0156ddf3eb0 \"><div class=\"porto-u-main-heading\"><h1   style=\"color:var(--porto-light-color);\">Esque\u00e7a a confus\u00e3o e os erros<\/h1><\/div><div class=\"porto-u-sub-heading\" style=\"color: #ffffff;\">Obtenha seu formul\u00e1rio W-8 em minutos e continue com suas transa\u00e7\u00f5es financeiras sem contratempos.<\/div><style>.porto-u-ad87e2eaf3f9c495180fe0156ddf3eb0.porto-u-heading{text-align:left}<\/style><\/div><\/div><\/div><div class=\"btn-call-action vc_column_container col-md-12 col-lg-4\"><div class=\"wpb_wrapper vc_column-inner\">\n\t<div class=\"wpb_raw_code wpb_raw_html wpb_content_element vc_custom_1734467138099\" >\n\t\t<div class=\"wpb_wrapper\">\n\t\t\t<div class=\"content-btn pb-lg-0 pb-3\"><a class=\"btn-hero reverse\" href=\"https:\/\/w-8.tax\/pt-pt\/formulario\">COMECE AGORA<\/a><\/div>\n\t\t<\/div>\n\t<\/div>\n<\/div><\/div><\/div><\/div><\/div><\/div><\/div><\/div><\/div><\/section>\n<\/div>","protected":false},"excerpt":{"rendered":"Termos e Condi\u00e7\u00f5es de Uso Ao acessar e utilizar a plataforma da GIINTAX LATAM, S.E.P. para o preenchimento de formul\u00e1rios W-8, voc\u00ea concorda com os seguintes termos e condi\u00e7\u00f5es. Caso n\u00e3o concorde com estes termos, n\u00e3o dever\u00e1 utilizar nossa plataforma. Aceita\u00e7\u00e3o dos Termos Ao clicar em \u00abAceito\u00bb ou ao utilizar nossos servi\u00e7os, voc\u00ea declara que [...]","protected":false},"author":1,"featured_media":0,"parent":0,"menu_order":0,"comment_status":"closed","ping_status":"closed","template":"","meta":{"inline_featured_image":false,"footnotes":""},"class_list":["post-3604","page","type-page","status-publish","hentry"],"_links":{"self":[{"href":"https:\/\/w-8.tax\/pt-pt\/wp-json\/wp\/v2\/pages\/3604","targetHints":{"allow":["GET"]}}],"collection":[{"href":"https:\/\/w-8.tax\/pt-pt\/wp-json\/wp\/v2\/pages"}],"about":[{"href":"https:\/\/w-8.tax\/pt-pt\/wp-json\/wp\/v2\/types\/page"}],"author":[{"embeddable":true,"href":"https:\/\/w-8.tax\/pt-pt\/wp-json\/wp\/v2\/users\/1"}],"replies":[{"embeddable":true,"href":"https:\/\/w-8.tax\/pt-pt\/wp-json\/wp\/v2\/comments?post=3604"}],"version-history":[{"count":0,"href":"https:\/\/w-8.tax\/pt-pt\/wp-json\/wp\/v2\/pages\/3604\/revisions"}],"wp:attachment":[{"href":"https:\/\/w-8.tax\/pt-pt\/wp-json\/wp\/v2\/media?parent=3604"}],"curies":[{"name":"wp","href":"https:\/\/api.w.org\/{rel}","templated":true}]}}