
{"id":3597,"date":"2024-10-01T16:32:51","date_gmt":"2024-10-01T16:32:51","guid":{"rendered":"https:\/\/w-8.tax\/contacto\/"},"modified":"2024-12-10T14:14:07","modified_gmt":"2024-12-10T14:14:07","slug":"contacto","status":"publish","type":"page","link":"https:\/\/w-8.tax\/pt-pt\/contacto\/","title":{"rendered":"Contato"},"content":{"rendered":"<div class=\"wpb-content-wrapper\"><section class=\"vc_section vc_custom_1727795902463\"><div class=\"vc_row wpb_row top-row vc_custom_1727199855669 porto-inner-container wpb_custom_034b39d9bc6c6b310d69e39f0ccf274f\"><div class=\"porto-wrap-container container\"><div class=\"row\"><div class=\"vc_column_container col-md-6 offset-lg-3 col-lg-6\"><div class=\"wpb_wrapper vc_column-inner\"><div class=\"porto-u-heading titulo-general  wpb_custom_d563d152bb1a6d5e4724b61e660be27b porto-u-55ca8359258f9a412be7e73af65d2aac \"><div class=\"porto-u-main-heading\"><h1   style=\"margin-bottom: 15px;\">Voc\u00ea tem perguntas ou d\u00favidas?<\/h1><\/div><div class=\"porto-u-sub-heading\" style=\"\">Estamos aqui para ajud\u00e1-lo. Preencha o formul\u00e1rio e responderemos rapidamente.<\/div><style>.porto-u-55ca8359258f9a412be7e73af65d2aac.porto-u-heading{text-align:center}<\/style><\/div>\n<div class=\"wpcf7 no-js\" id=\"wpcf7-f3647-o1\" lang=\"pt-PT\" dir=\"ltr\" data-wpcf7-id=\"3647\">\n<div class=\"screen-reader-response\"><p role=\"status\" aria-live=\"polite\" aria-atomic=\"true\"><\/p> <ul><\/ul><\/div>\n<form action=\"\/pt-pt\/wp-json\/wp\/v2\/pages\/3597#wpcf7-f3647-o1\" method=\"post\" class=\"wpcf7-form init\" aria-label=\"Formul\u00e1rio de contacto\" novalidate=\"novalidate\" data-status=\"init\">\n<div style=\"display: none;\">\n<input type=\"hidden\" name=\"_wpcf7\" value=\"3647\" \/>\n<input type=\"hidden\" name=\"_wpcf7_version\" value=\"6.0.1\" \/>\n<input type=\"hidden\" name=\"_wpcf7_locale\" value=\"pt_PT\" \/>\n<input type=\"hidden\" name=\"_wpcf7_unit_tag\" value=\"wpcf7-f3647-o1\" \/>\n<input type=\"hidden\" name=\"_wpcf7_container_post\" value=\"0\" \/>\n<input type=\"hidden\" name=\"_wpcf7_posted_data_hash\" value=\"\" \/>\n<\/div>\n<div class=\"row contact-form\">\n        <div class=\"content-height col-lg-12\">\n            <div class=\"form-group\">\n                <label for=\"contact-name\" class=\"font-weight-bold text-dark\">Nome *<\/label>\n                <span class=\"wpcf7-form-control-wrap\" data-name=\"your-name\"><input size=\"40\" maxlength=\"400\" class=\"wpcf7-form-control wpcf7-text wpcf7-validates-as-required form-control\" id=\"contact-name\" aria-required=\"true\" aria-invalid=\"false\" value=\"\" type=\"text\" name=\"your-name\" \/><\/span>\n            <\/div>\n        <\/div>\n        <div class=\"content-height col-lg-12\">\n            <div class=\"form-group\">\n                <label for=\"contact-email\" class=\"font-weight-bold text-dark\">E-mail *<\/label>\n                <span class=\"wpcf7-form-control-wrap\" data-name=\"your-email\"><input size=\"40\" maxlength=\"400\" class=\"wpcf7-form-control wpcf7-email wpcf7-validates-as-required wpcf7-text wpcf7-validates-as-email form-control\" id=\"contact-email\" aria-required=\"true\" aria-invalid=\"false\" value=\"\" type=\"email\" name=\"your-email\" \/><\/span>\n            <\/div>\n        <\/div>\n        <div class=\"content-height col-lg-12\">\n            <div class=\"form-group\">\n                <label for=\"phone\" class=\"font-weight-bold text-dark\">Telefone *<\/label>\n                <span class=\"wpcf7-form-control-wrap\" data-name=\"your-phone\"><input size=\"40\" maxlength=\"400\" class=\"wpcf7-form-control wpcf7-text wpcf7-validates-as-required form-control\" aria-required=\"true\" aria-invalid=\"false\" value=\"\" type=\"text\" name=\"your-phone\" \/><\/span>\n            <\/div>\n        <\/div>\n        <div class=\"content-height col-lg-12\">\n            <div class=\"form-group\">\n                <label for=\"contact-name\" class=\"font-weight-bold text-dark\">Empresa *<\/label>\n                <span class=\"wpcf7-form-control-wrap\" data-name=\"your-empresa\"><input size=\"40\" maxlength=\"400\" class=\"wpcf7-form-control wpcf7-text wpcf7-validates-as-required form-control\" aria-required=\"true\" aria-invalid=\"false\" value=\"\" type=\"text\" name=\"your-empresa\" \/><\/span>\n            <\/div>\n        <\/div>\n        <div class=\"content-height_textarea col-lg-12\">\n            <div class=\"form-group\">\n                <label for=\"contact-message\" class=\"font-weight-bold text-dark\">Coment\u00e1rios<\/label>\n            <span class=\"wpcf7-form-control-wrap\" data-name=\"your-comentarios\"><textarea cols=\"40\" rows=\"10\" maxlength=\"2000\" class=\"wpcf7-form-control wpcf7-textarea form-control\" id=\"contact-message\" aria-invalid=\"false\" name=\"your-comentarios\"><\/textarea><\/span>\n            <\/div>\n        <\/div>\n        <div class=\"content-height_boton col-lg-12\">\n            <div class=\"altacaptcha-field\"><altcha-widget challengeurl=\"https:\/\/w-8.tax\/wp-admin\/admin-ajax.php?action=altacaptcha_challenge\" auto=\"onfocus\" style=\"color:var(--altacaptcha-accent,currentColor);--altcha-color-text:currentColor;--altcha-color-active:var(--altacaptcha-accent,var(--wp--preset--color--primary,currentColor));--altcha-color-border:currentColor;--altcha-color-border-focus:currentColor;\" lang=\"pt-PT\"><\/altcha-widget><\/div><div class=\"form-group\">\n            <input class=\"wpcf7-form-control wpcf7-submit has-spinner btn btn-primary btn-modern\" type=\"submit\" value=\"ENVIAR MENSAGEM\" \/>\n            <\/div>\n        <\/div>\n <\/div><div class=\"wpcf7-response-output\" aria-hidden=\"true\"><\/div>\n<\/form>\n<\/div>\n<\/div><\/div><\/div><\/div><\/div><\/section>\n<\/div>","protected":false},"excerpt":{"rendered":"Voc\u00ea tem perguntas ou d\u00favidas?Estamos aqui para ajud\u00e1-lo. Preencha o formul\u00e1rio e responderemos rapidamente. Nome * E-mail * Telefone * Empresa * Coment\u00e1rios","protected":false},"author":1,"featured_media":0,"parent":0,"menu_order":0,"comment_status":"closed","ping_status":"closed","template":"","meta":{"inline_featured_image":false,"footnotes":""},"class_list":["post-3597","page","type-page","status-publish","hentry"],"_links":{"self":[{"href":"https:\/\/w-8.tax\/pt-pt\/wp-json\/wp\/v2\/pages\/3597","targetHints":{"allow":["GET"]}}],"collection":[{"href":"https:\/\/w-8.tax\/pt-pt\/wp-json\/wp\/v2\/pages"}],"about":[{"href":"https:\/\/w-8.tax\/pt-pt\/wp-json\/wp\/v2\/types\/page"}],"author":[{"embeddable":true,"href":"https:\/\/w-8.tax\/pt-pt\/wp-json\/wp\/v2\/users\/1"}],"replies":[{"embeddable":true,"href":"https:\/\/w-8.tax\/pt-pt\/wp-json\/wp\/v2\/comments?post=3597"}],"version-history":[{"count":0,"href":"https:\/\/w-8.tax\/pt-pt\/wp-json\/wp\/v2\/pages\/3597\/revisions"}],"wp:attachment":[{"href":"https:\/\/w-8.tax\/pt-pt\/wp-json\/wp\/v2\/media?parent=3597"}],"curies":[{"name":"wp","href":"https:\/\/api.w.org\/{rel}","templated":true}]}}