
{"id":3592,"date":"2024-10-01T16:25:12","date_gmt":"2024-10-01T16:25:12","guid":{"rendered":"https:\/\/w-8.tax\/preguntas-frecuentes-faq\/"},"modified":"2024-12-10T14:11:39","modified_gmt":"2024-12-10T14:11:39","slug":"preguntas-frecuentes-faq","status":"publish","type":"page","link":"https:\/\/w-8.tax\/pt-pt\/preguntas-frecuentes-faq\/","title":{"rendered":"Perguntas Frequentes (FAQ)"},"content":{"rendered":"<div class=\"wpb-content-wrapper\"><section class=\"vc_section vc_custom_1727795902463\"><div class=\"vc_row wpb_row top-row porto-inner-container wpb_custom_034b39d9bc6c6b310d69e39f0ccf274f\"><div class=\"porto-wrap-container container\"><div class=\"row\"><div class=\"vc_column_container col-md-12\"><div class=\"wpb_wrapper vc_column-inner\"><div class=\"porto-u-heading titulo-general  wpb_custom_95aa9a11c17ad45cfabaf210d84ee7cc porto-u-ad87e2eaf3f9c495180fe0156ddf3eb0 \"><div class=\"porto-u-main-heading\"><h1  >Perguntas Frequentes (FAQ)<\/h1><\/div><style>.porto-u-ad87e2eaf3f9c495180fe0156ddf3eb0.porto-u-heading{text-align:left}<\/style><\/div><\/div><\/div><\/div><\/div><\/div><div class=\"vc_row wpb_row top-row vc_custom_1727199855669 porto-inner-container wpb_custom_034b39d9bc6c6b310d69e39f0ccf274f\"><div class=\"porto-wrap-container container\"><div class=\"row\"><div class=\"vc_column_container col-md-12\"><div class=\"wpb_wrapper vc_column-inner\"><div class=\"vc_tta-container\" data-vc-action=\"collapseAll\" id=\"prefunta-frecuent\"><div class=\"vc_general vc_tta vc_tta-accordion vc_tta-color-white vc_tta-style-flat vc_tta-shape-rounded vc_tta-spacing-5 vc_tta-gap-5 vc_tta-controls-align-default vc_tta-o-all-clickable\"><div class=\"vc_tta-panels-container\"><div class=\"vc_tta-panels\"><div class=\"vc_tta-panel\" id=\"1727798834365-80a6b37e-8956\" data-vc-content=\".vc_tta-panel-body\"><div class=\"vc_tta-panel-heading\"><h4 class=\"vc_tta-panel-title vc_tta-controls-icon-position-right\"><a href=\"#1727798834365-80a6b37e-8956\" data-vc-accordion data-vc-container=\".vc_tta-container\"><span class=\"vc_tta-title-text\">1. O que \u00e9 a W-8 TAX?<\/span><i class=\"vc_tta-controls-icon vc_tta-controls-icon-chevron\"><\/i><\/a><\/h4><\/div><div class=\"vc_tta-panel-body\">\r\n\t<div class=\"wpb_text_column wpb_content_element wpb_custom_7c91d232724f73626cc933bd95b25ff0\" >\r\n\t\t<div class=\"wpb_wrapper\">\r\n\t\t\t<p>A W-8 TAX \u00e9 uma plataforma automatizada projetada para facilitar o preenchimento dos formul\u00e1rios W-8 do IRS de maneira r\u00e1pida e precisa. N\u00e3o requer assinatura e est\u00e1 dispon\u00edvel em espanhol e portugu\u00eas.<\/p>\n\r\n\t\t<\/div>\r\n\t<\/div>\r\n<\/div><\/div><div class=\"vc_tta-panel\" id=\"1727798940898-8b0ef17e-9085\" data-vc-content=\".vc_tta-panel-body\"><div class=\"vc_tta-panel-heading\"><h4 class=\"vc_tta-panel-title vc_tta-controls-icon-position-right\"><a href=\"#1727798940898-8b0ef17e-9085\" data-vc-accordion data-vc-container=\".vc_tta-container\"><span class=\"vc_tta-title-text\">2. Como funciona a plataforma W-8 TAX?<\/span><i class=\"vc_tta-controls-icon vc_tta-controls-icon-chevron\"><\/i><\/a><\/h4><\/div><div class=\"vc_tta-panel-body\">\r\n\t<div class=\"wpb_text_column wpb_content_element wpb_custom_7c91d232724f73626cc933bd95b25ff0\" >\r\n\t\t<div class=\"wpb_wrapper\">\r\n\t\t\t<p>A W-8 TAX utiliza um sistema inteligente que guia o usu\u00e1rio atrav\u00e9s de uma s\u00e9rie de perguntas simples e identifica e preenche o formul\u00e1rio W-8 adequado, levando em considera\u00e7\u00e3o as informa\u00e7\u00f5es fornecidas pelo usu\u00e1rio e os benef\u00edcios de tratados fiscais de acordo com a jurisdi\u00e7\u00e3o.<\/p>\n\r\n\t\t<\/div>\r\n\t<\/div>\r\n<\/div><\/div><div class=\"vc_tta-panel\" id=\"1727799060014-d80c3c6b-ea55\" data-vc-content=\".vc_tta-panel-body\"><div class=\"vc_tta-panel-heading\"><h4 class=\"vc_tta-panel-title vc_tta-controls-icon-position-right\"><a href=\"#1727799060014-d80c3c6b-ea55\" data-vc-accordion data-vc-container=\".vc_tta-container\"><span class=\"vc_tta-title-text\">3. Quais formul\u00e1rios W-8 posso gerar com a W-8 TAX?<\/span><i class=\"vc_tta-controls-icon vc_tta-controls-icon-chevron\"><\/i><\/a><\/h4><\/div><div class=\"vc_tta-panel-body\">\r\n\t<div class=\"wpb_text_column wpb_content_element wpb_custom_7c91d232724f73626cc933bd95b25ff0\" >\r\n\t\t<div class=\"wpb_wrapper\">\r\n\t\t\t<p>A plataforma permite gerar os formul\u00e1rios mais comuns do IRS: <a href=\"https:\/\/www.irs.gov\/pub\/irs-pdf\/fw8ben.pdf\">W-8BEN<\/a>, <a href=\"https:\/\/www.irs.gov\/pub\/irs-pdf\/fw8bene.pdf\">W-8BEN-E<\/a> e <a href=\"https:\/\/www.irs.gov\/pub\/irs-pdf\/fw8imy.pdf\">W-8IMY<\/a>.<\/p>\n\r\n\t\t<\/div>\r\n\t<\/div>\r\n<\/div><\/div><div class=\"vc_tta-panel\" id=\"1727799096323-1100fbe9-ad0e\" data-vc-content=\".vc_tta-panel-body\"><div class=\"vc_tta-panel-heading\"><h4 class=\"vc_tta-panel-title vc_tta-controls-icon-position-right\"><a href=\"#1727799096323-1100fbe9-ad0e\" data-vc-accordion data-vc-container=\".vc_tta-container\"><span class=\"vc_tta-title-text\">4. O que torna a W-8 TAX diferente de outras op\u00e7\u00f5es?<\/span><i class=\"vc_tta-controls-icon vc_tta-controls-icon-chevron\"><\/i><\/a><\/h4><\/div><div class=\"vc_tta-panel-body\">\r\n\t<div class=\"wpb_text_column wpb_content_element wpb_custom_7c91d232724f73626cc933bd95b25ff0\" >\r\n\t\t<div class=\"wpb_wrapper\">\r\n\t\t\t<p>A W-8 TAX \u00e9 a \u00fanica plataforma p\u00fablica que automatiza o preenchimento de formul\u00e1rios W-8 sem a necessidade de assinatura. Gera os formul\u00e1rios em formato substituto permitido pelas Regulamenta\u00e7\u00f5es do Tesouro dos EUA (<a href=\"https:\/\/www.law.cornell.edu\/cfr\/text\/26\/1.1441-1\">1.1441-1(e)(4)(vi)<\/a>), economizando tempo e evitando erros comuns.<\/p>\n\r\n\t\t<\/div>\r\n\t<\/div>\r\n<\/div><\/div><div class=\"vc_tta-panel\" id=\"1727799094261-2ed4a6ad-4957\" data-vc-content=\".vc_tta-panel-body\"><div class=\"vc_tta-panel-heading\"><h4 class=\"vc_tta-panel-title vc_tta-controls-icon-position-right\"><a href=\"#1727799094261-2ed4a6ad-4957\" data-vc-accordion data-vc-container=\".vc_tta-container\"><span class=\"vc_tta-title-text\">5. \u00c9 seguro utilizar a W-8 TAX?<\/span><i class=\"vc_tta-controls-icon vc_tta-controls-icon-chevron\"><\/i><\/a><\/h4><\/div><div class=\"vc_tta-panel-body\">\r\n\t<div class=\"wpb_text_column wpb_content_element wpb_custom_7c91d232724f73626cc933bd95b25ff0\" >\r\n\t\t<div class=\"wpb_wrapper\">\r\n\t\t\t<p>Sim, \u00e9 seguro. N\u00e3o \u00e9 necess\u00e1rio que o cliente forne\u00e7a informa\u00e7\u00f5es pessoais para gerar o formul\u00e1rio. No entanto, a plataforma oferece a op\u00e7\u00e3o de incluir esses dados para incorpor\u00e1-los diretamente no formul\u00e1rio gerado. Se o cliente optar por isso, as informa\u00e7\u00f5es ser\u00e3o protegidas com os mais altos padr\u00f5es de seguran\u00e7a.<\/p>\n\r\n\t\t<\/div>\r\n\t<\/div>\r\n<\/div><\/div><div class=\"vc_tta-panel\" id=\"1727799087012-d3cb1de0-a66d\" data-vc-content=\".vc_tta-panel-body\"><div class=\"vc_tta-panel-heading\"><h4 class=\"vc_tta-panel-title vc_tta-controls-icon-position-right\"><a href=\"#1727799087012-d3cb1de0-a66d\" data-vc-accordion data-vc-container=\".vc_tta-container\"><span class=\"vc_tta-title-text\">6. Qual \u00e9 o pre\u00e7o para gerar um formul\u00e1rio W-8?<\/span><i class=\"vc_tta-controls-icon vc_tta-controls-icon-chevron\"><\/i><\/a><\/h4><\/div><div class=\"vc_tta-panel-body\">\r\n\t<div class=\"wpb_text_column wpb_content_element wpb_custom_7c91d232724f73626cc933bd95b25ff0\" >\r\n\t\t<div class=\"wpb_wrapper\">\r\n\t\t\t<p>O custo de cada formul\u00e1rio \u00e9 de USD 10 para pessoas f\u00edsicas e USD 35 para entidades (pessoas jur\u00eddicas e trusts). N\u00e3o h\u00e1 assinaturas nem custos ocultos. Nossa plataforma \u00e9 para benef\u00edcio global com precis\u00e3o local.<\/p>\n\r\n\t\t<\/div>\r\n\t<\/div>\r\n<\/div><\/div><div class=\"vc_tta-panel\" id=\"1727799085213-0b5a7383-02fa\" data-vc-content=\".vc_tta-panel-body\"><div class=\"vc_tta-panel-heading\"><h4 class=\"vc_tta-panel-title vc_tta-controls-icon-position-right\"><a href=\"#1727799085213-0b5a7383-02fa\" data-vc-accordion data-vc-container=\".vc_tta-container\"><span class=\"vc_tta-title-text\">7. Como uma institui\u00e7\u00e3o financeira se beneficia ao referir seus clientes para a plataforma W-8 TAX?<\/span><i class=\"vc_tta-controls-icon vc_tta-controls-icon-chevron\"><\/i><\/a><\/h4><\/div><div class=\"vc_tta-panel-body\">\r\n\t<div class=\"wpb_text_column wpb_content_element wpb_custom_7c91d232724f73626cc933bd95b25ff0\" >\r\n\t\t<div class=\"wpb_wrapper\">\r\n\t\t\t<p>Ao utilizar a W-8 TAX, os clientes da institui\u00e7\u00e3o financeira podem obter seus formul\u00e1rios W-8 de maneira r\u00e1pida e precisa. Isso simplifica o processo de valida\u00e7\u00e3o pela institui\u00e7\u00e3o financeira, reduzindo o risco de erros e atrasos no onboarding de novos clientes ou na renova\u00e7\u00e3o de formul\u00e1rios W-8 vencidos.<\/p>\n\r\n\t\t<\/div>\r\n\t<\/div>\r\n<\/div><\/div><div class=\"vc_tta-panel\" id=\"1727799079364-bca77040-bef4\" data-vc-content=\".vc_tta-panel-body\"><div class=\"vc_tta-panel-heading\"><h4 class=\"vc_tta-panel-title vc_tta-controls-icon-position-right\"><a href=\"#1727799079364-bca77040-bef4\" data-vc-accordion data-vc-container=\".vc_tta-container\"><span class=\"vc_tta-title-text\">8. O que acontece se o cen\u00e1rio espec\u00edfico de um usu\u00e1rio n\u00e3o estiver contemplado na plataforma?<\/span><i class=\"vc_tta-controls-icon vc_tta-controls-icon-chevron\"><\/i><\/a><\/h4><\/div><div class=\"vc_tta-panel-body\">\r\n\t<div class=\"wpb_text_column wpb_content_element wpb_custom_7c91d232724f73626cc933bd95b25ff0\" >\r\n\t\t<div class=\"wpb_wrapper\">\r\n\t\t\t<p>Se o cen\u00e1rio for at\u00edpico e n\u00e3o estiver coberto pela plataforma, o usu\u00e1rio pode nos contatar diretamente para assist\u00eancia personalizada.<\/p>\n\r\n\t\t<\/div>\r\n\t<\/div>\r\n<\/div><\/div><div class=\"vc_tta-panel\" id=\"1727799075822-3f7a2852-54e7\" data-vc-content=\".vc_tta-panel-body\"><div class=\"vc_tta-panel-heading\"><h4 class=\"vc_tta-panel-title vc_tta-controls-icon-position-right\"><a href=\"#1727799075822-3f7a2852-54e7\" data-vc-accordion data-vc-container=\".vc_tta-container\"><span class=\"vc_tta-title-text\">9. Quanto tempo leva para gerar um formul\u00e1rio W-8 com a W-8 TAX?<\/span><i class=\"vc_tta-controls-icon vc_tta-controls-icon-chevron\"><\/i><\/a><\/h4><\/div><div class=\"vc_tta-panel-body\">\r\n\t<div class=\"wpb_text_column wpb_content_element wpb_custom_7c91d232724f73626cc933bd95b25ff0\" >\r\n\t\t<div class=\"wpb_wrapper\">\r\n\t\t\t<p>Apenas alguns minutos. O processo \u00e9 r\u00e1pido e eficiente.<\/p>\n\r\n\t\t<\/div>\r\n\t<\/div>\r\n<\/div><\/div><div class=\"vc_tta-panel\" id=\"1727799071269-90833758-cd67\" data-vc-content=\".vc_tta-panel-body\"><div class=\"vc_tta-panel-heading\"><h4 class=\"vc_tta-panel-title vc_tta-controls-icon-position-right\"><a href=\"#1727799071269-90833758-cd67\" data-vc-accordion data-vc-container=\".vc_tta-container\"><span class=\"vc_tta-title-text\">10. Que tipo de formul\u00e1rio o cliente recebe ap\u00f3s usar a W-8 TAX?<\/span><i class=\"vc_tta-controls-icon vc_tta-controls-icon-chevron\"><\/i><\/a><\/h4><\/div><div class=\"vc_tta-panel-body\">\r\n\t<div class=\"wpb_text_column wpb_content_element wpb_custom_7c91d232724f73626cc933bd95b25ff0\" >\r\n\t\t<div class=\"wpb_wrapper\">\r\n\t\t\t<p>O cliente recebe o formul\u00e1rio W-8 correspondente ao seu cen\u00e1rio, j\u00e1 preenchido, em seu formato em ingl\u00eas, id\u00eantico ao do IRS. Esse formul\u00e1rio \u00e9 chamado de &#8220;formul\u00e1rio substituto&#8221; e \u00e9 expressamente permitido pelas Regulamenta\u00e7\u00f5es do Tesouro dos EUA.<\/p>\n\r\n\t\t<\/div>\r\n\t<\/div>\r\n<\/div><\/div><div class=\"vc_tta-panel\" id=\"1727799067686-c6a559cf-e269\" data-vc-content=\".vc_tta-panel-body\"><div class=\"vc_tta-panel-heading\"><h4 class=\"vc_tta-panel-title vc_tta-controls-icon-position-right\"><a href=\"#1727799067686-c6a559cf-e269\" data-vc-accordion data-vc-container=\".vc_tta-container\"><span class=\"vc_tta-title-text\">11. Se eu for uma institui\u00e7\u00e3o financeira e quiser indicar a plataforma para meus clientes, o que devo fazer se precisar de assist\u00eancia ou de uma demonstra\u00e7\u00e3o?<\/span><i class=\"vc_tta-controls-icon vc_tta-controls-icon-chevron\"><\/i><\/a><\/h4><\/div><div class=\"vc_tta-panel-body\">\r\n\t<div class=\"wpb_text_column wpb_content_element wpb_custom_7c91d232724f73626cc933bd95b25ff0\" >\r\n\t\t<div class=\"wpb_wrapper\">\r\n\t\t\t<p>Se precisar de mais informa\u00e7\u00f5es ou de uma demonstra\u00e7\u00e3o, n\u00e3o hesite em entrar em contato conosco; teremos prazer em fornecer o suporte necess\u00e1rio.<\/p>\n\r\n\t\t<\/div>\r\n\t<\/div>\r\n<\/div><\/div><\/div><\/div><\/div><\/div><\/div><\/div><\/div><\/div><\/div><\/section><section class=\"vc_section vc_custom_1727797164247 vc_section-has-fill\"><div class=\"vc_row wpb_row top-row vc_custom_1727203846429 porto-inner-container wpb_custom_034b39d9bc6c6b310d69e39f0ccf274f\"><div class=\"porto-wrap-container container\"><div class=\"row\"><div class=\"vc_column_container col-md-12\"><div class=\"wpb_wrapper vc_column-inner\"><div class=\"porto-block\" data-id=\"3617\"><style>.vc_custom_1734467138099{margin-bottom: 0px !important;}.wpb_custom_c9817bf9cbe0dcc8e82271db30fa6d2a .porto-u-sub-heading{font-size:20px;}.wpb_custom_c9817bf9cbe0dcc8e82271db30fa6d2a .porto-u-sub-heading{font-weight:500;line-height:25px;}<\/style><div class=\"vc_row wpb_row row top-row call-to-ation_content wpb_custom_034b39d9bc6c6b310d69e39f0ccf274f\"><div class=\"call-to-ation_content_text vc_column_container col-md-12 col-lg-8\"><div class=\"wpb_wrapper vc_column-inner\"><div class=\"porto-u-heading titulo-general  wpb_custom_c9817bf9cbe0dcc8e82271db30fa6d2a porto-u-ad87e2eaf3f9c495180fe0156ddf3eb0 \"><div class=\"porto-u-main-heading\"><h1   style=\"color:var(--porto-light-color);\">Esque\u00e7a a confus\u00e3o e os erros<\/h1><\/div><div class=\"porto-u-sub-heading\" style=\"color: #ffffff;\">Obtenha seu formul\u00e1rio W-8 em minutos e continue com suas transa\u00e7\u00f5es financeiras sem contratempos.<\/div><style>.porto-u-ad87e2eaf3f9c495180fe0156ddf3eb0.porto-u-heading{text-align:left}<\/style><\/div><\/div><\/div><div class=\"btn-call-action vc_column_container col-md-12 col-lg-4\"><div class=\"wpb_wrapper vc_column-inner\">\n\t<div class=\"wpb_raw_code wpb_raw_html wpb_content_element vc_custom_1734467138099\" >\n\t\t<div class=\"wpb_wrapper\">\n\t\t\t<div class=\"content-btn pb-lg-0 pb-3\"><a class=\"btn-hero reverse\" href=\"https:\/\/w-8.tax\/pt-pt\/formulario\">COMECE AGORA<\/a><\/div>\n\t\t<\/div>\n\t<\/div>\n<\/div><\/div><\/div><\/div><\/div><\/div><\/div><\/div><\/div><\/section>\n<\/div>","protected":false},"excerpt":{"rendered":"Perguntas Frequentes (FAQ)1. O que \u00e9 a W-8 TAX? A W-8 TAX \u00e9 uma plataforma automatizada projetada para facilitar o preenchimento dos formul\u00e1rios W-8 do IRS de maneira r\u00e1pida e precisa. N\u00e3o requer assinatura e est\u00e1 dispon\u00edvel em espanhol e portugu\u00eas. 2. Como funciona a plataforma W-8 TAX? A W-8 TAX utiliza um sistema inteligente [...]","protected":false},"author":1,"featured_media":0,"parent":0,"menu_order":0,"comment_status":"closed","ping_status":"closed","template":"","meta":{"inline_featured_image":false,"footnotes":""},"class_list":["post-3592","page","type-page","status-publish","hentry"],"_links":{"self":[{"href":"https:\/\/w-8.tax\/pt-pt\/wp-json\/wp\/v2\/pages\/3592","targetHints":{"allow":["GET"]}}],"collection":[{"href":"https:\/\/w-8.tax\/pt-pt\/wp-json\/wp\/v2\/pages"}],"about":[{"href":"https:\/\/w-8.tax\/pt-pt\/wp-json\/wp\/v2\/types\/page"}],"author":[{"embeddable":true,"href":"https:\/\/w-8.tax\/pt-pt\/wp-json\/wp\/v2\/users\/1"}],"replies":[{"embeddable":true,"href":"https:\/\/w-8.tax\/pt-pt\/wp-json\/wp\/v2\/comments?post=3592"}],"version-history":[{"count":0,"href":"https:\/\/w-8.tax\/pt-pt\/wp-json\/wp\/v2\/pages\/3592\/revisions"}],"wp:attachment":[{"href":"https:\/\/w-8.tax\/pt-pt\/wp-json\/wp\/v2\/media?parent=3592"}],"curies":[{"name":"wp","href":"https:\/\/api.w.org\/{rel}","templated":true}]}}