
{"id":3687,"date":"2024-12-04T18:48:00","date_gmt":"2024-12-04T18:48:00","guid":{"rendered":"https:\/\/w-8.tax\/inicio\/"},"modified":"2024-12-12T18:13:50","modified_gmt":"2024-12-12T18:13:50","slug":"inicio","status":"publish","type":"page","link":"https:\/\/w-8.tax\/en\/","title":{"rendered":"Inicio"},"content":{"rendered":"<div class=\"wpb-content-wrapper\"><section data-vc-full-width=\"true\" data-vc-full-width-init=\"false\" class=\"vc_section vc_custom_1733338322067 vc_section-has-fill\"><div data-vc-full-width=\"true\" data-vc-full-width-init=\"false\" data-vc-stretch-content=\"true\" class=\"vc_row wpb_row row top-row wpb_custom_034b39d9bc6c6b310d69e39f0ccf274f\"><div class=\"vc_column_container col-md-12 offset-lg-2 col-lg-8\"><div class=\"wpb_wrapper vc_column-inner\"><div class=\"porto-u-heading titulo_botom-slider  wpb_custom_95aa9a11c17ad45cfabaf210d84ee7cc porto-u-55ca8359258f9a412be7e73af65d2aac \"><div class=\"porto-u-main-heading\"><h2   style=\"color:var(--porto-light-color);\">\u00bfTienes que llenar un formulario W-8 y no sabes por d\u00f3nde empezar? \u00a1No te preocupes m\u00e1s! W-8 TAX est\u00e1 aqu\u00ed para simplificar el proceso y ayudarte a completar el formulario correcto sin complicaciones.<\/h2><\/div><style>.porto-u-55ca8359258f9a412be7e73af65d2aac.porto-u-heading{text-align:center}<\/style><\/div><\/div><\/div><\/div><div class=\"vc_row-full-width vc_clearfix\"><\/div><\/section><div class=\"vc_row-full-width vc_clearfix\"><\/div><section id=\"whats\" class=\"vc_section vc_custom_1727794219148\"><div class=\"vc_row wpb_row top-row porto-inner-container wpb_custom_034b39d9bc6c6b310d69e39f0ccf274f\"><div class=\"porto-wrap-container container\"><div class=\"row\"><div class=\"vc_column_container col-md-12\"><div class=\"wpb_wrapper vc_column-inner\"><div class=\"porto-u-heading titulo-general  wpb_custom_95aa9a11c17ad45cfabaf210d84ee7cc porto-u-ad87e2eaf3f9c495180fe0156ddf3eb0 \"><div class=\"porto-u-main-heading\"><h1  >\u00bfQu\u00e9 es el W-8 y para qu\u00e9 se usa?<\/h1><\/div><style>.porto-u-ad87e2eaf3f9c495180fe0156ddf3eb0.porto-u-heading{text-align:left}<\/style><\/div><\/div><\/div><\/div><\/div><\/div><div class=\"vc_row wpb_row top-row porto-inner-container wpb_custom_034b39d9bc6c6b310d69e39f0ccf274f\"><div class=\"porto-wrap-container container\"><div class=\"row\"><div class=\"vc_column_container col-md-12\"><div class=\"wpb_wrapper vc_column-inner\">\r\n\t<div class=\"wpb_text_column wpb_content_element wpb_custom_7c91d232724f73626cc933bd95b25ff0\" >\r\n\t\t<div class=\"wpb_wrapper\">\r\n\t\t\t<p>Los formularios de la serie W-8 son documentos oficiales del Servicio de Impuestos Internos de los Estados Unidos (IRS) que deben ser completados por personas o entidades extranjeras (no estadounidenses) que perciban ingresos de fuentes en EE.UU. o posean cuentas financieras en instituciones de cualquier parte del mundo, cuando dichas instituciones est\u00e9n obligadas a cumplir con la Ley de Cumplimiento Tributario de Cuentas Extranjeras (FATCA) de EE.UU.<\/p>\n<p>Estos formularios permiten certificar que no eres una Persona Estadounidense, lo cual puede eximirte de que tu cuenta sea reportada al IRS bajo FATCA, evitar la aplicaci\u00f3n de ciertos impuestos sobre ingresos generados en EE.UU. o permitirte acceder a tasas de retenci\u00f3n reducidas gracias a los tratados fiscales entre EE.UU. y tu pa\u00eds de residencia.<\/p>\n\r\n\t\t<\/div>\r\n\t<\/div>\r\n<div class=\"vc_row wpb_row vc_inner row\"><div class=\"vc_column_container col-md-12\"><div class=\"wpb_wrapper vc_column-inner\"><div class=\"vc_btn3-container vc_btn3-left vc_do_btn\" >\r\n\t<a class=\"vc_btn3 vc_btn3-shape-default wpb_custom_6687b26f39488ddbb85ddb3c1ce8e111 btn btn-flat btn-md btn-primary\" style=\"font-size:16px; font-weight:500; padding:8px 25px;\" href=\"https:\/\/w-8.tax\/que-es-el-w-8-y-para-que-se-usa\/\" title=\"LEER M\u00c1S\">LEER M\u00c1S<\/a>\t<\/div>\r\n<\/div><\/div><\/div><\/div><\/div><\/div><\/div><\/div><\/section><section id=\"sobrew-8\" class=\"vc_section vc_custom_1727204267372\"><div class=\"vc_row wpb_row top-row porto-inner-container wpb_custom_034b39d9bc6c6b310d69e39f0ccf274f\"><div class=\"porto-wrap-container container\"><div class=\"row\"><div class=\"vc_column_container col-md-12\"><div class=\"wpb_wrapper vc_column-inner\"><div class=\"porto-u-heading titulo-general  wpb_custom_95aa9a11c17ad45cfabaf210d84ee7cc porto-u-ad87e2eaf3f9c495180fe0156ddf3eb0 \"><div class=\"porto-u-main-heading\"><h1  >\u00bfQu\u00e9 hace \u00fanica a W-8 TAX?<\/h1><\/div><style>.porto-u-ad87e2eaf3f9c495180fe0156ddf3eb0.porto-u-heading{text-align:left}<\/style><\/div><\/div><\/div><\/div><\/div><\/div><div class=\"vc_row wpb_row top-row vc_custom_1727193255216 porto-inner-container wpb_custom_034b39d9bc6c6b310d69e39f0ccf274f\"><div class=\"porto-wrap-container container\"><div class=\"row\"><div class=\"content_box-descrip-do vc_column_container col-md-6 col-xl-3\"><div class=\"wpb_wrapper vc_column-inner\"><div class=\"porto-sicon-box box-descrip-do  wpb_custom_39051c39df5219d7a12dc166a0fe073b style_1 top-icon\"><div class=\"porto-sicon-top\"><div class=\"porto-just-icon-wrapper porto-icon advanced\" style=\"color:#0026c6;background:var(--porto-light-color);width:60px;height:60px;line-height:60px;border-radius:500px;font-size:32px;\"><i class=\"fas fa-brain\"><\/i><\/div><\/div><div class=\"porto-sicon-header\"><h3 class=\"porto-sicon-title\" style=\"\">Automatizaci\u00f3n Inteligente<\/h3><\/div> <!-- header --><div class=\"porto-sicon-description\" style=\"\">No necesitas saber qu\u00e9 tipo de formulario W-8 te corresponde (W8BEN, W-8BEN-E o W-8IMY). Con solo responder preguntas sencillas, nuestra plataforma identificar\u00e1 el formulario adecuado y lo completar\u00e1 por ti. Hemos parametrizado los casos m\u00e1s comunes.<\/div> <!-- description --><\/div><!-- porto-sicon-box --><\/div><\/div><div class=\"content_box-descrip-do vc_column_container col-md-6 col-xl-3\"><div class=\"wpb_wrapper vc_column-inner\"><div class=\"porto-sicon-box box-descrip-do  wpb_custom_39051c39df5219d7a12dc166a0fe073b style_1 top-icon\"><div class=\"porto-sicon-top\"><div class=\"porto-just-icon-wrapper porto-icon advanced\" style=\"color:#0026c6;background:var(--porto-light-color);width:60px;height:60px;line-height:60px;border-radius:500px;font-size:32px;\"><i class=\"fas fa-comment-dots\"><\/i><\/div><\/div><div class=\"porto-sicon-header\"><h3 class=\"porto-sicon-title\" style=\"\">Dise\u00f1ada para ti<\/h3><\/div> <!-- header --><div class=\"porto-sicon-description\" style=\"\">Creada espec\u00edficamente para personas de habla hispana y portuguesa en <strong>M\u00e9xico<\/strong>, <strong>Am\u00e9rica Central<\/strong>, <strong>Am\u00e9rica del Sur<\/strong>, <strong>Espa\u00f1a<\/strong> y <strong>Portugal<\/strong>. Todo en tu idioma, sin complicaciones.<\/div> <!-- description --><\/div><!-- porto-sicon-box --><\/div><\/div><div class=\"content_box-descrip-do vc_column_container col-md-6 col-xl-3\"><div class=\"wpb_wrapper vc_column-inner\"><div class=\"porto-sicon-box box-descrip-do  wpb_custom_39051c39df5219d7a12dc166a0fe073b style_1 top-icon\"><div class=\"porto-sicon-top\"><div class=\"porto-just-icon-wrapper porto-icon advanced\" style=\"color:#0026c6;background:var(--porto-light-color);width:60px;height:60px;line-height:60px;border-radius:500px;font-size:32px;\"><i class=\"fas fa-balance-scale\"><\/i><\/div><\/div><div class=\"porto-sicon-header\"><h3 class=\"porto-sicon-title\" style=\"\">Cumplimiento de Tratados Fiscales<\/h3><\/div> <!-- header --><div class=\"porto-sicon-description\" style=\"\">Si tu pa\u00eds tiene un tratado para evitar la doble tributaci\u00f3n con EE.UU., tomaremos en cuenta sus beneficios para ti autom\u00e1ticamente.<\/div> <!-- description --><\/div><!-- porto-sicon-box --><\/div><\/div><div class=\"content_box-descrip-do vc_column_container col-md-6 col-xl-3\"><div class=\"wpb_wrapper vc_column-inner\"><div class=\"porto-sicon-box box-descrip-do  wpb_custom_39051c39df5219d7a12dc166a0fe073b style_1 top-icon\"><div class=\"porto-sicon-top\"><div class=\"porto-just-icon-wrapper porto-icon advanced\" style=\"color:#0026c6;background:#ffffff;width:60px;height:60px;line-height:60px;border-radius:500px;font-size:32px;\"><i class=\"fas fa-hand-holding-usd\"><\/i><\/div><\/div><div class=\"porto-sicon-header\"><h3 class=\"porto-sicon-title\" style=\"\">Precios Transparentes<\/h3><\/div> <!-- header --><div class=\"porto-sicon-description\" style=\"\">Por solo <strong>USD 10<\/strong> para personas f\u00edsicas (humanas) y <strong>USD 35<\/strong> para entidades (compa\u00f1\u00edas, sociedades, fundaciones, fideicomisos), obtendr\u00e1s tu formulario W-8 completamente lleno y listo para que tu instituci\u00f3n financiera de cualquier pa\u00eds lo valide.<\/div> <!-- description --><\/div><!-- porto-sicon-box --><\/div><\/div><\/div><\/div><\/div><\/section><section data-vc-full-width=\"true\" data-vc-full-width-init=\"false\" class=\"vc_section position-relative overflow-hidden vc_custom_1733338415909\"><div class=\"vc_row wpb_row top-row porto-inner-container wpb_custom_034b39d9bc6c6b310d69e39f0ccf274f\"><div class=\"porto-wrap-container container\"><div class=\"row\"><div class=\"vc_column_container col-md-12\"><div class=\"wpb_wrapper vc_column-inner\"><div class=\"porto-u-heading titulo-general  wpb_custom_95aa9a11c17ad45cfabaf210d84ee7cc porto-u-ad87e2eaf3f9c495180fe0156ddf3eb0 \"><div class=\"porto-u-main-heading\"><h1  >\u00bfPor qu\u00e9 elegir W-8 TAX?<\/h1><\/div><style>.porto-u-ad87e2eaf3f9c495180fe0156ddf3eb0.porto-u-heading{text-align:left}<\/style><\/div><\/div><\/div><\/div><\/div><\/div><div class=\"vc_row wpb_row top-row vc_custom_1727199855669 porto-inner-container wpb_custom_034b39d9bc6c6b310d69e39f0ccf274f\"><div class=\"porto-wrap-container container\"><div class=\"row\"><div class=\"pr-lg-5 vc_column_container col-md-12 col-lg-6\"><div class=\"wpb_wrapper vc_column-inner\"><div class=\"vc_row wpb_row vc_inner row\"><div class=\"vc_column_container col-md-12\"><div class=\"wpb_wrapper vc_column-inner\"><div class=\"porto-u-heading content-historia  wpb_custom_ca7745733337c8ed2017c346bae54ed8 porto-u-ad87e2eaf3f9c495180fe0156ddf3eb0 \"><div class=\"porto-u-sub-heading\" style=\"\"><strong>M\u00e1s de 25,000 horas de experiencia<\/strong> respaldan nuestro servicio. Sabemos lo importante que es para ti y las instituciones financieras tener estos formularios correctamente llenos y sin retrasos.<\/div><style>.porto-u-ad87e2eaf3f9c495180fe0156ddf3eb0.porto-u-heading{text-align:left}<\/style><\/div><div class=\"porto-u-heading content-historia  wpb_custom_ca7745733337c8ed2017c346bae54ed8 porto-u-ad87e2eaf3f9c495180fe0156ddf3eb0 \"><div class=\"porto-u-sub-heading\" style=\"\"><strong>F\u00e1cil, r\u00e1pido y seguro:<\/strong> Nuestro sistema est\u00e1 dise\u00f1ado para que cualquier persona, sin conocimientos t\u00e9cnicos ni de impuestos, pueda generar su formulario con rapidez y total confianza.<\/div><style>.porto-u-ad87e2eaf3f9c495180fe0156ddf3eb0.porto-u-heading{text-align:left}<\/style><\/div><div class=\"porto-u-heading content-historia  wpb_custom_ca7745733337c8ed2017c346bae54ed8 porto-u-ad87e2eaf3f9c495180fe0156ddf3eb0 \"><div class=\"porto-u-sub-heading\" style=\"\"><strong>Asistencia personalizada:<\/strong> Si tu caso es particularmente complejo y no puede ser resuelto autom\u00e1ticamente por la plataforma, nuestro equipo de expertos en tributaci\u00f3n internacional estar\u00e1 disponible para atender tus consultas.<br \/>\n<\/div><style>.porto-u-ad87e2eaf3f9c495180fe0156ddf3eb0.porto-u-heading{text-align:left}<\/style><\/div><\/div><\/div><\/div><div class=\"vc_row wpb_row vc_inner row z-2 position-relative\"><div class=\"vc_column_container col-md-12\"><div class=\"wpb_wrapper vc_column-inner\"><div class=\"vc_btn3-container  cursor-pointer vc_btn3-left vc_do_btn\" >\r\n\t<a class=\"vc_btn3 vc_btn3-shape-default wpb_custom_6687b26f39488ddbb85ddb3c1ce8e111 btn btn-flat btn-md btn-primary\" style=\"font-size:16px; font-weight:500; padding:8px 25px;\" href=\"https:\/\/w-8.tax\/formulario\/\" title=\"COMIENZA AHORA\">COMIENZA AHORA<\/a>\t<\/div>\r\n<\/div><\/div><\/div><\/div><\/div><div class=\"vc_column_container col-md-12 col-lg-6 vc_custom_1727202019528\"><div class=\"wpb_wrapper vc_column-inner\">\r\n\t<div class=\"wpb_single_image wpb_content_element vc_align_center wpb_content_element  vc_custom_1734027224190  img-vector_form wpb_custom_81a4f7ef9830bf958462581aa01150fb\"><div class=\"wpb_wrapper\">\r\n\t\t\t\r\n\t\t\t<a href=\"https:\/\/www.giin.tax\/\" target=\"_blank\"><div class=\"vc_single_image-wrapper   vc_box_border_grey\"><img loading=\"lazy\" decoding=\"async\" width=\"1\" height=\"1\" src=\"https:\/\/w-8.tax\/wp-content\/uploads\/2024\/10\/vector-gin-01-01.svg\" class=\"vc_single_image-img attachment-full\" alt=\"\" title=\"vector-gin-01-01\" \/><\/div><\/a>\r\n\t\t<\/div>\r\n\t<\/div>\r\n<\/div><\/div><\/div><\/div><\/div><div class=\"vc_row wpb_row row top-row content-lined-degress wpb_custom_034b39d9bc6c6b310d69e39f0ccf274f\"><div class=\"vc_column_container col-md-12\"><div class=\"wpb_wrapper vc_column-inner\">\r\n\t<div class=\"wpb_single_image wpb_content_element vc_align_left wpb_content_element  vc_custom_1731516855919  z-1 wpb_custom_81a4f7ef9830bf958462581aa01150fb\"><div class=\"wpb_wrapper\">\r\n\t\t\t\r\n\t\t\t<div class=\"vc_single_image-wrapper   vc_box_border_grey\"><img loading=\"lazy\" decoding=\"async\" width=\"1\" height=\"1\" src=\"https:\/\/w-8.tax\/wp-content\/uploads\/2024\/09\/line-degres-1.svg\" class=\"vc_single_image-img attachment-full\" alt=\"\" title=\"line-degres-1\" \/><\/div>\r\n\t\t<\/div>\r\n\t<\/div>\r\n<\/div><\/div><\/div><\/section><div class=\"vc_row-full-width vc_clearfix\"><\/div><section data-vc-full-width=\"true\" data-vc-full-width-init=\"false\" class=\"vc_section vc_custom_1733338390565 vc_section-has-fill\"><div class=\"vc_row wpb_row top-row vc_custom_1727203846429 porto-inner-container wpb_custom_034b39d9bc6c6b310d69e39f0ccf274f\"><div class=\"porto-wrap-container container\"><div class=\"row\"><div class=\"vc_column_container col-md-12\"><div class=\"wpb_wrapper vc_column-inner\"><div class=\"porto-block\" data-id=\"2878\"><style>.vc_custom_1727903183143{margin-bottom: 0px !important;}.wpb_custom_c9817bf9cbe0dcc8e82271db30fa6d2a .porto-u-sub-heading{font-size:20px;}.wpb_custom_c9817bf9cbe0dcc8e82271db30fa6d2a .porto-u-sub-heading{font-weight:500;line-height:25px;}<\/style><div class=\"vc_row wpb_row row top-row call-to-ation_content wpb_custom_034b39d9bc6c6b310d69e39f0ccf274f\"><div class=\"call-to-ation_content_text vc_column_container col-md-12 col-lg-8\"><div class=\"wpb_wrapper vc_column-inner\"><div class=\"porto-u-heading titulo-general  wpb_custom_c9817bf9cbe0dcc8e82271db30fa6d2a porto-u-ad87e2eaf3f9c495180fe0156ddf3eb0 \"><div class=\"porto-u-main-heading\"><h1   style=\"color:var(--porto-light-color);\">\u00a1Automat\u00edzate! Olv\u00eddate de la confusi\u00f3n y los errores<\/h1><\/div><div class=\"porto-u-sub-heading\" style=\"color: #ffffff;\">Obt\u00e9n tu formulario W-8 en minutos y contin\u00faa con tus gestiones financieras sin contratiempos.<\/div><style>.porto-u-ad87e2eaf3f9c495180fe0156ddf3eb0.porto-u-heading{text-align:left}<\/style><\/div><\/div><\/div><div class=\"btn-call-action vc_column_container col-md-12 col-lg-4\"><div class=\"wpb_wrapper vc_column-inner\">\n\t<div class=\"wpb_raw_code wpb_raw_html wpb_content_element vc_custom_1727903183143\" >\n\t\t<div class=\"wpb_wrapper\">\n\t\t\t<div class=\"content-btn pb-lg-0 pb-3\"><a class=\"btn-hero reverse\" href=\"https:\/\/develop1.webstudiopanama.com\/w8-tax\/formulario\">COMIENZA AHORA<\/a><\/div>\n\t\t<\/div>\n\t<\/div>\n<\/div><\/div><\/div><\/div><\/div><\/div><\/div><\/div><\/div><\/section><div class=\"vc_row-full-width vc_clearfix\"><\/div>\n<\/div>","protected":false},"excerpt":{"rendered":"\u00bfTienes que llenar un formulario W-8 y no sabes por d\u00f3nde empezar? \u00a1No te preocupes m\u00e1s! W-8 TAX est\u00e1 aqu\u00ed para simplificar el proceso y ayudarte a completar el formulario correcto sin complicaciones.\u00bfQu\u00e9 es el W-8 y para qu\u00e9 se usa? Los formularios de la serie W-8 son documentos oficiales del Servicio de Impuestos Internos [...]","protected":false},"author":1,"featured_media":0,"parent":0,"menu_order":0,"comment_status":"closed","ping_status":"closed","template":"","meta":{"inline_featured_image":false,"footnotes":""},"class_list":["post-3687","page","type-page","status-publish","hentry"],"_links":{"self":[{"href":"https:\/\/w-8.tax\/en\/wp-json\/wp\/v2\/pages\/3687","targetHints":{"allow":["GET"]}}],"collection":[{"href":"https:\/\/w-8.tax\/en\/wp-json\/wp\/v2\/pages"}],"about":[{"href":"https:\/\/w-8.tax\/en\/wp-json\/wp\/v2\/types\/page"}],"author":[{"embeddable":true,"href":"https:\/\/w-8.tax\/en\/wp-json\/wp\/v2\/users\/1"}],"replies":[{"embeddable":true,"href":"https:\/\/w-8.tax\/en\/wp-json\/wp\/v2\/comments?post=3687"}],"version-history":[{"count":0,"href":"https:\/\/w-8.tax\/en\/wp-json\/wp\/v2\/pages\/3687\/revisions"}],"wp:attachment":[{"href":"https:\/\/w-8.tax\/en\/wp-json\/wp\/v2\/media?parent=3687"}],"curies":[{"name":"wp","href":"https:\/\/api.w.org\/{rel}","templated":true}]}}