
{"id":3036,"date":"2024-10-01T16:25:12","date_gmt":"2024-10-01T16:25:12","guid":{"rendered":"https:\/\/w-8.tax\/?page_id=3036"},"modified":"2024-12-11T20:07:10","modified_gmt":"2024-12-11T20:07:10","slug":"preguntas-frecuentes-faq","status":"publish","type":"page","link":"https:\/\/w-8.tax\/en\/preguntas-frecuentes-faq\/","title":{"rendered":"Preguntas Frecuentes (FAQ)"},"content":{"rendered":"<div class=\"wpb-content-wrapper\"><section class=\"vc_section vc_custom_1727795902463\"><div class=\"vc_row wpb_row top-row porto-inner-container wpb_custom_034b39d9bc6c6b310d69e39f0ccf274f\"><div class=\"porto-wrap-container container\"><div class=\"row\"><div class=\"vc_column_container col-md-12\"><div class=\"wpb_wrapper vc_column-inner\"><div class=\"porto-u-heading titulo-general  wpb_custom_95aa9a11c17ad45cfabaf210d84ee7cc porto-u-ad87e2eaf3f9c495180fe0156ddf3eb0 \"><div class=\"porto-u-main-heading\"><h1  >Preguntas Frecuentes (FAQ)<\/h1><\/div><style>.porto-u-ad87e2eaf3f9c495180fe0156ddf3eb0.porto-u-heading{text-align:left}<\/style><\/div><\/div><\/div><\/div><\/div><\/div><div class=\"vc_row wpb_row top-row vc_custom_1727199855669 porto-inner-container wpb_custom_034b39d9bc6c6b310d69e39f0ccf274f\"><div class=\"porto-wrap-container container\"><div class=\"row\"><div class=\"vc_column_container col-md-12\"><div class=\"wpb_wrapper vc_column-inner\"><div class=\"vc_tta-container\" data-vc-action=\"collapseAll\" id=\"prefunta-frecuent\"><div class=\"vc_general vc_tta vc_tta-accordion vc_tta-color-white vc_tta-style-flat vc_tta-shape-rounded vc_tta-spacing-5 vc_tta-gap-5 vc_tta-controls-align-default vc_tta-o-all-clickable\"><div class=\"vc_tta-panels-container\"><div class=\"vc_tta-panels\"><div class=\"vc_tta-panel\" id=\"1727798834365-80a6b37e-8956\" data-vc-content=\".vc_tta-panel-body\"><div class=\"vc_tta-panel-heading\"><h4 class=\"vc_tta-panel-title vc_tta-controls-icon-position-right\"><a href=\"#1727798834365-80a6b37e-8956\" data-vc-accordion data-vc-container=\".vc_tta-container\"><span class=\"vc_tta-title-text\">1. \u00bfQu\u00e9 es W-8 TAX?<\/span><i class=\"vc_tta-controls-icon vc_tta-controls-icon-chevron\"><\/i><\/a><\/h4><\/div><div class=\"vc_tta-panel-body\">\r\n\t<div class=\"wpb_text_column wpb_content_element wpb_custom_7c91d232724f73626cc933bd95b25ff0\" >\r\n\t\t<div class=\"wpb_wrapper\">\r\n\t\t\t<p>W-8 TAX es una plataforma automatizada dise\u00f1ada para facilitar el llenado de los formularios W-8 del IRS de manera r\u00e1pida y precisa. No requiere suscripci\u00f3n y est\u00e1 disponible en espa\u00f1ol y portugu\u00e9s. La funcionalidad de W-8 TAX es \u00fanicamente para generar W-8 que soliciten instituciones financieras a sus cuentahabientes, no para que la utilicen proveedores de mercanc\u00edas y servicios con el prop\u00f3sito de entreg\u00e1rsela a sus clientes pagadores.<\/p>\n\r\n\t\t<\/div>\r\n\t<\/div>\r\n<\/div><\/div><div class=\"vc_tta-panel\" id=\"1727798940898-8b0ef17e-9085\" data-vc-content=\".vc_tta-panel-body\"><div class=\"vc_tta-panel-heading\"><h4 class=\"vc_tta-panel-title vc_tta-controls-icon-position-right\"><a href=\"#1727798940898-8b0ef17e-9085\" data-vc-accordion data-vc-container=\".vc_tta-container\"><span class=\"vc_tta-title-text\">2. \u00bfC\u00f3mo funciona la plataforma W-8 TAX?<\/span><i class=\"vc_tta-controls-icon vc_tta-controls-icon-chevron\"><\/i><\/a><\/h4><\/div><div class=\"vc_tta-panel-body\">\r\n\t<div class=\"wpb_text_column wpb_content_element wpb_custom_7c91d232724f73626cc933bd95b25ff0\" >\r\n\t\t<div class=\"wpb_wrapper\">\r\n\t\t\t<p>W-8 TAX utiliza un sistema inteligente que gu\u00eda al usuario a trav\u00e9s de una serie de preguntas simples e identifica y completa el formulario W-8 adecuado, tomando en cuenta la informaci\u00f3n suministrada por el usuario y los beneficios de tratados fiscales seg\u00fan la jurisdicci\u00f3n.<\/p>\n\r\n\t\t<\/div>\r\n\t<\/div>\r\n<\/div><\/div><div class=\"vc_tta-panel\" id=\"1727799060014-d80c3c6b-ea55\" data-vc-content=\".vc_tta-panel-body\"><div class=\"vc_tta-panel-heading\"><h4 class=\"vc_tta-panel-title vc_tta-controls-icon-position-right\"><a href=\"#1727799060014-d80c3c6b-ea55\" data-vc-accordion data-vc-container=\".vc_tta-container\"><span class=\"vc_tta-title-text\">3. \u00bfCu\u00e1les formularios W-8 puedo generar con W-8 TAX?<\/span><i class=\"vc_tta-controls-icon vc_tta-controls-icon-chevron\"><\/i><\/a><\/h4><\/div><div class=\"vc_tta-panel-body\">\r\n\t<div class=\"wpb_text_column wpb_content_element wpb_custom_7c91d232724f73626cc933bd95b25ff0\" >\r\n\t\t<div class=\"wpb_wrapper\">\r\n\t\t\t<p>La plataforma permite generar los formularios m\u00e1s comunes del IRS: W-8BEN, W-8BEN-E y W-8IMY.<\/p>\n\r\n\t\t<\/div>\r\n\t<\/div>\r\n<\/div><\/div><div class=\"vc_tta-panel\" id=\"1727799096323-1100fbe9-ad0e\" data-vc-content=\".vc_tta-panel-body\"><div class=\"vc_tta-panel-heading\"><h4 class=\"vc_tta-panel-title vc_tta-controls-icon-position-right\"><a href=\"#1727799096323-1100fbe9-ad0e\" data-vc-accordion data-vc-container=\".vc_tta-container\"><span class=\"vc_tta-title-text\">4. \u00bfQu\u00e9 hace que W-8 TAX sea diferente de otras opciones?<\/span><i class=\"vc_tta-controls-icon vc_tta-controls-icon-chevron\"><\/i><\/a><\/h4><\/div><div class=\"vc_tta-panel-body\">\r\n\t<div class=\"wpb_text_column wpb_content_element wpb_custom_7c91d232724f73626cc933bd95b25ff0\" >\r\n\t\t<div class=\"wpb_wrapper\">\r\n\t\t\t<p>W-8 TAX es la \u00fanica plataforma p\u00fablica que automatiza el llenado de formularios W-8 sin requerir suscripci\u00f3n. Genera los formularios en formato sustituto permitido por las Regulaciones del Tesoro de los EE.UU. (<a href=\"https:\/\/www.law.cornell.edu\/cfr\/text\/26\/1.1441-1\" target=\"_blank\" rel=\"noopener\">1.1441-1(e)(4)(vi<\/a>)), ahorrando tiempo y evitando errores comunes.<\/p>\n\r\n\t\t<\/div>\r\n\t<\/div>\r\n<\/div><\/div><div class=\"vc_tta-panel\" id=\"1727799094261-2ed4a6ad-4957\" data-vc-content=\".vc_tta-panel-body\"><div class=\"vc_tta-panel-heading\"><h4 class=\"vc_tta-panel-title vc_tta-controls-icon-position-right\"><a href=\"#1727799094261-2ed4a6ad-4957\" data-vc-accordion data-vc-container=\".vc_tta-container\"><span class=\"vc_tta-title-text\">5. \u00bfEs seguro utilizar W-8 TAX?<\/span><i class=\"vc_tta-controls-icon vc_tta-controls-icon-chevron\"><\/i><\/a><\/h4><\/div><div class=\"vc_tta-panel-body\">\r\n\t<div class=\"wpb_text_column wpb_content_element wpb_custom_7c91d232724f73626cc933bd95b25ff0\" >\r\n\t\t<div class=\"wpb_wrapper\">\r\n\t\t\t<p>S\u00ed es seguro. No es necesario que el cliente proporcione informaci\u00f3n personal para generar el formulario. Ahora bien, la plataforma ofrece la opci\u00f3n de incluir estos datos para incorporarlos de una vez en el formulario que generar\u00e1 para el cliente. De ser as\u00ed, los datos ser\u00e1n resguardados con los m\u00e1s altos est\u00e1ndares de seguridad.<\/p>\n\r\n\t\t<\/div>\r\n\t<\/div>\r\n<\/div><\/div><div class=\"vc_tta-panel\" id=\"1727799087012-d3cb1de0-a66d\" data-vc-content=\".vc_tta-panel-body\"><div class=\"vc_tta-panel-heading\"><h4 class=\"vc_tta-panel-title vc_tta-controls-icon-position-right\"><a href=\"#1727799087012-d3cb1de0-a66d\" data-vc-accordion data-vc-container=\".vc_tta-container\"><span class=\"vc_tta-title-text\">6. \u00bfQu\u00e9 precio tiene la generaci\u00f3n de un formulario W-8?<\/span><i class=\"vc_tta-controls-icon vc_tta-controls-icon-chevron\"><\/i><\/a><\/h4><\/div><div class=\"vc_tta-panel-body\">\r\n\t<div class=\"wpb_text_column wpb_content_element wpb_custom_7c91d232724f73626cc933bd95b25ff0\" >\r\n\t\t<div class=\"wpb_wrapper\">\r\n\t\t\t<p>El costo de cada formulario es de USD10 para personas naturales (humanas) y USD35 para entidades (personas jur\u00eddicas y fideicomisos). No hay suscripciones ni costos ocultos. Nuestra plataforma es para beneficio global con precisi\u00f3n local.<\/p>\n\r\n\t\t<\/div>\r\n\t<\/div>\r\n<\/div><\/div><div class=\"vc_tta-panel\" id=\"1727799085213-0b5a7383-02fa\" data-vc-content=\".vc_tta-panel-body\"><div class=\"vc_tta-panel-heading\"><h4 class=\"vc_tta-panel-title vc_tta-controls-icon-position-right\"><a href=\"#1727799085213-0b5a7383-02fa\" data-vc-accordion data-vc-container=\".vc_tta-container\"><span class=\"vc_tta-title-text\">7. \u00bfC\u00f3mo beneficia a una instituci\u00f3n financiera referir a sus clientes a la plataforma W-8 TAX?<\/span><i class=\"vc_tta-controls-icon vc_tta-controls-icon-chevron\"><\/i><\/a><\/h4><\/div><div class=\"vc_tta-panel-body\">\r\n\t<div class=\"wpb_text_column wpb_content_element wpb_custom_7c91d232724f73626cc933bd95b25ff0\" >\r\n\t\t<div class=\"wpb_wrapper\">\r\n\t\t\t<p>Al utilizar W-8 TAX, los clientes de la instituci\u00f3n financiera pueden obtener sus formularios W-8 de manera r\u00e1pida y precisa. Esto simplifica el proceso de validaci\u00f3n por parte de la instituci\u00f3n financiera, reduciendo el riesgo de errores y demoras en el onboarding de nuevos clientes o en la renovaci\u00f3n de formularios W-8 vencidos.<\/p>\n\r\n\t\t<\/div>\r\n\t<\/div>\r\n<\/div><\/div><div class=\"vc_tta-panel\" id=\"1727799079364-bca77040-bef4\" data-vc-content=\".vc_tta-panel-body\"><div class=\"vc_tta-panel-heading\"><h4 class=\"vc_tta-panel-title vc_tta-controls-icon-position-right\"><a href=\"#1727799079364-bca77040-bef4\" data-vc-accordion data-vc-container=\".vc_tta-container\"><span class=\"vc_tta-title-text\">8. \u00bfQu\u00e9 sucede si el escenario espec\u00edfico de alg\u00fan usuario no est\u00e1 contemplado en la plataforma?<\/span><i class=\"vc_tta-controls-icon vc_tta-controls-icon-chevron\"><\/i><\/a><\/h4><\/div><div class=\"vc_tta-panel-body\">\r\n\t<div class=\"wpb_text_column wpb_content_element wpb_custom_7c91d232724f73626cc933bd95b25ff0\" >\r\n\t\t<div class=\"wpb_wrapper\">\r\n\t\t\t<p>Si el escenario es at\u00edpico y no est\u00e1 cubierto por la plataforma, puede contactarnos directamente para asistencia personalizada.<\/p>\n\r\n\t\t<\/div>\r\n\t<\/div>\r\n<\/div><\/div><div class=\"vc_tta-panel\" id=\"1727799075822-3f7a2852-54e7\" data-vc-content=\".vc_tta-panel-body\"><div class=\"vc_tta-panel-heading\"><h4 class=\"vc_tta-panel-title vc_tta-controls-icon-position-right\"><a href=\"#1727799075822-3f7a2852-54e7\" data-vc-accordion data-vc-container=\".vc_tta-container\"><span class=\"vc_tta-title-text\">9. \u00bfCu\u00e1nto tiempo toma generar un formulario W-8 con W-8 TAX?<\/span><i class=\"vc_tta-controls-icon vc_tta-controls-icon-chevron\"><\/i><\/a><\/h4><\/div><div class=\"vc_tta-panel-body\">\r\n\t<div class=\"wpb_text_column wpb_content_element wpb_custom_7c91d232724f73626cc933bd95b25ff0\" >\r\n\t\t<div class=\"wpb_wrapper\">\r\n\t\t\t<p>Unos pocos minutos. El proceso es r\u00e1pido y eficiente.<\/p>\n\r\n\t\t<\/div>\r\n\t<\/div>\r\n<\/div><\/div><div class=\"vc_tta-panel\" id=\"1727799071269-90833758-cd67\" data-vc-content=\".vc_tta-panel-body\"><div class=\"vc_tta-panel-heading\"><h4 class=\"vc_tta-panel-title vc_tta-controls-icon-position-right\"><a href=\"#1727799071269-90833758-cd67\" data-vc-accordion data-vc-container=\".vc_tta-container\"><span class=\"vc_tta-title-text\">10. \u00bfQu\u00e9 tipo de formulario recibe el cliente despu\u00e9s de usar W-8 TAX?<\/span><i class=\"vc_tta-controls-icon vc_tta-controls-icon-chevron\"><\/i><\/a><\/h4><\/div><div class=\"vc_tta-panel-body\">\r\n\t<div class=\"wpb_text_column wpb_content_element wpb_custom_7c91d232724f73626cc933bd95b25ff0\" >\r\n\t\t<div class=\"wpb_wrapper\">\r\n\t\t\t<p>El cliente recibe el formulario W-8 correspondiente a su escenario, ya completado, en su formato en ingl\u00e9s, id\u00e9ntico al del IRS. Este formulario se denomina &#8220;formulario sustituto&#8221; y est\u00e1 expresamente permitido por las Regulaciones del Tesoro de los EE.UU.<\/p>\n\r\n\t\t<\/div>\r\n\t<\/div>\r\n<\/div><\/div><div class=\"vc_tta-panel\" id=\"1727799067686-c6a559cf-e269\" data-vc-content=\".vc_tta-panel-body\"><div class=\"vc_tta-panel-heading\"><h4 class=\"vc_tta-panel-title vc_tta-controls-icon-position-right\"><a href=\"#1727799067686-c6a559cf-e269\" data-vc-accordion data-vc-container=\".vc_tta-container\"><span class=\"vc_tta-title-text\">11. Si soy una instituci\u00f3n financiera y deseo referir a mis clientes para el uso de la plataforma, \u00bfqu\u00e9 debo hacer si necesito asistencia o una demostraci\u00f3n?<\/span><i class=\"vc_tta-controls-icon vc_tta-controls-icon-chevron\"><\/i><\/a><\/h4><\/div><div class=\"vc_tta-panel-body\">\r\n\t<div class=\"wpb_text_column wpb_content_element wpb_custom_7c91d232724f73626cc933bd95b25ff0\" >\r\n\t\t<div class=\"wpb_wrapper\">\r\n\t\t\t<p>Si necesitas m\u00e1s informaci\u00f3n o una demostraci\u00f3n, no dudes en ponerte en contacto con nosotros; con gusto te brindaremos el apoyo necesario.<\/p>\n\r\n\t\t<\/div>\r\n\t<\/div>\r\n<\/div><\/div><\/div><\/div><\/div><\/div><\/div><\/div><\/div><\/div><\/div><\/section><section class=\"vc_section vc_custom_1727797164247 vc_section-has-fill\"><div class=\"vc_row wpb_row top-row vc_custom_1727203846429 porto-inner-container wpb_custom_034b39d9bc6c6b310d69e39f0ccf274f\"><div class=\"porto-wrap-container container\"><div class=\"row\"><div class=\"vc_column_container col-md-12\"><div class=\"wpb_wrapper vc_column-inner\"><div class=\"porto-block\" data-id=\"2878\"><style>.vc_custom_1727903183143{margin-bottom: 0px !important;}.wpb_custom_c9817bf9cbe0dcc8e82271db30fa6d2a .porto-u-sub-heading{font-size:20px;}.wpb_custom_c9817bf9cbe0dcc8e82271db30fa6d2a .porto-u-sub-heading{font-weight:500;line-height:25px;}<\/style><div class=\"vc_row wpb_row row top-row call-to-ation_content wpb_custom_034b39d9bc6c6b310d69e39f0ccf274f\"><div class=\"call-to-ation_content_text vc_column_container col-md-12 col-lg-8\"><div class=\"wpb_wrapper vc_column-inner\"><div class=\"porto-u-heading titulo-general  wpb_custom_c9817bf9cbe0dcc8e82271db30fa6d2a porto-u-ad87e2eaf3f9c495180fe0156ddf3eb0 \"><div class=\"porto-u-main-heading\"><h1   style=\"color:var(--porto-light-color);\">\u00a1Automat\u00edzate! Olv\u00eddate de la confusi\u00f3n y los errores<\/h1><\/div><div class=\"porto-u-sub-heading\" style=\"color: #ffffff;\">Obt\u00e9n tu formulario W-8 en minutos y contin\u00faa con tus gestiones financieras sin contratiempos.<\/div><style>.porto-u-ad87e2eaf3f9c495180fe0156ddf3eb0.porto-u-heading{text-align:left}<\/style><\/div><\/div><\/div><div class=\"btn-call-action vc_column_container col-md-12 col-lg-4\"><div class=\"wpb_wrapper vc_column-inner\">\n\t<div class=\"wpb_raw_code wpb_raw_html wpb_content_element vc_custom_1727903183143\" >\n\t\t<div class=\"wpb_wrapper\">\n\t\t\t<div class=\"content-btn pb-lg-0 pb-3\"><a class=\"btn-hero reverse\" href=\"https:\/\/develop1.webstudiopanama.com\/w8-tax\/formulario\">COMIENZA AHORA<\/a><\/div>\n\t\t<\/div>\n\t<\/div>\n<\/div><\/div><\/div><\/div><\/div><\/div><\/div><\/div><\/div><\/section>\n<\/div>","protected":false},"excerpt":{"rendered":"Preguntas Frecuentes (FAQ)1. \u00bfQu\u00e9 es W-8 TAX? W-8 TAX es una plataforma automatizada dise\u00f1ada para facilitar el llenado de los formularios W-8 del IRS de manera r\u00e1pida y precisa. No requiere suscripci\u00f3n y est\u00e1 disponible en espa\u00f1ol y portugu\u00e9s. La funcionalidad de W-8 TAX es \u00fanicamente para generar W-8 que soliciten instituciones financieras a sus [...]","protected":false},"author":1,"featured_media":0,"parent":0,"menu_order":0,"comment_status":"closed","ping_status":"closed","template":"","meta":{"inline_featured_image":false,"footnotes":""},"class_list":["post-3036","page","type-page","status-publish","hentry"],"_links":{"self":[{"href":"https:\/\/w-8.tax\/en\/wp-json\/wp\/v2\/pages\/3036","targetHints":{"allow":["GET"]}}],"collection":[{"href":"https:\/\/w-8.tax\/en\/wp-json\/wp\/v2\/pages"}],"about":[{"href":"https:\/\/w-8.tax\/en\/wp-json\/wp\/v2\/types\/page"}],"author":[{"embeddable":true,"href":"https:\/\/w-8.tax\/en\/wp-json\/wp\/v2\/users\/1"}],"replies":[{"embeddable":true,"href":"https:\/\/w-8.tax\/en\/wp-json\/wp\/v2\/comments?post=3036"}],"version-history":[{"count":0,"href":"https:\/\/w-8.tax\/en\/wp-json\/wp\/v2\/pages\/3036\/revisions"}],"wp:attachment":[{"href":"https:\/\/w-8.tax\/en\/wp-json\/wp\/v2\/media?parent=3036"}],"curies":[{"name":"wp","href":"https:\/\/api.w.org\/{rel}","templated":true}]}}