
{"id":3021,"date":"2024-10-01T16:04:02","date_gmt":"2024-10-01T16:04:02","guid":{"rendered":"https:\/\/w-8.tax\/?page_id=3021"},"modified":"2024-10-01T16:04:02","modified_gmt":"2024-10-01T16:04:02","slug":"tipos-de-formularios-w-8-en-w-8-tax","status":"publish","type":"page","link":"https:\/\/w-8.tax\/en\/tipos-de-formularios-w-8-en-w-8-tax\/","title":{"rendered":"Tipos de formularios W-8 en W-8 TAX"},"content":{"rendered":"<div class=\"wpb-content-wrapper\"><section class=\"vc_section vc_custom_1727795902463\"><div class=\"vc_row wpb_row top-row porto-inner-container wpb_custom_034b39d9bc6c6b310d69e39f0ccf274f\"><div class=\"porto-wrap-container container\"><div class=\"row\"><div class=\"vc_column_container col-md-12\"><div class=\"wpb_wrapper vc_column-inner\"><div class=\"porto-u-heading titulo-general  wpb_custom_95aa9a11c17ad45cfabaf210d84ee7cc porto-u-ad87e2eaf3f9c495180fe0156ddf3eb0 \"><div class=\"porto-u-main-heading\"><h1  >Tipos de formularios W-8 en W-8 TAX<\/h1><\/div><style>.porto-u-ad87e2eaf3f9c495180fe0156ddf3eb0.porto-u-heading{text-align:left}<\/style><\/div><\/div><\/div><\/div><\/div><\/div><div class=\"vc_row wpb_row top-row vc_custom_1727199855669 porto-inner-container wpb_custom_034b39d9bc6c6b310d69e39f0ccf274f\"><div class=\"porto-wrap-container container\"><div class=\"row\"><div class=\"vc_column_container col-md-12\"><div class=\"wpb_wrapper vc_column-inner\">\r\n\t<div class=\"wpb_text_column wpb_content_element wpb_custom_7c91d232724f73626cc933bd95b25ff0\" >\r\n\t\t<div class=\"wpb_wrapper\">\r\n\t\t\t<h4>En W-8 TAX, entendemos la importancia de completar correctamente los formularios W-8 para garantizar un proceso \u00e1gil y sin complicaciones.<br \/>\nNuestra plataforma est\u00e1 dise\u00f1ada para automatizar el llenado de los formularios W-8 m\u00e1s comunes del IRS, que son:<\/h4>\n<ol>\n<li><a href=\"https:\/\/www.irs.gov\/pub\/irs-pdf\/fw8ben.pdf\" target=\"_blank\" rel=\"noopener\"><strong>W-8BEN<\/strong><\/a>: Este formulario es utilizado por individuos no estadounidenses para certificar dicho estatus y reclamar beneficios bajo los tratados fiscales, lo que puede reducir o eliminar la retenci\u00f3n de impuestos sobre ciertos ingresos de origen estadounidense, como dividendos e intereses. Las instrucciones oficiales del IRS para el llenado de este formulario puede descargarlas <a href=\"https:\/\/www.irs.gov\/pub\/irs-pdf\/iw8ben.pdf\" target=\"_blank\" rel=\"noopener\"><strong><i class=\"porto-icon-long-arrow-alt\"><\/i> AQU\u00cd<\/strong> <\/a>.<\/li>\n<li><a href=\"https:\/\/www.irs.gov\/pub\/irs-pdf\/fw8bene.pdf\" target=\"_blank\" rel=\"noopener\"><strong>W-8BEN-E<\/strong><\/a>: Similar al W-8BEN, pero destinado a entidades no estadounidenses. Permite a entidades no estadounidenses certificar su estatus y beneficiarse de las disposiciones de los tratados fiscales. Las instrucciones oficiales del IRS para el llenado de este formulario puede descargarlas <a href=\"https:\/\/www.irs.gov\/pub\/irs-pdf\/iw8bene.pdf\" target=\"_blank\" rel=\"noopener\"><strong><i class=\"porto-icon-long-arrow-alt\"><\/i> AQU\u00cd<\/strong> .<\/a><\/li>\n<li><a href=\"https:\/\/www.irs.gov\/pub\/irs-pdf\/fw8imy.pdf\" target=\"_blank\" rel=\"noopener\"><strong>W-8IMY<\/strong><\/a>: Usado por intermediarios extranjeros y entidades conducto (Flow-Through) para certificar su estatus y proporcionar documentaci\u00f3n sobre los propietarios de ingresos de origen estadounidense. Las instrucciones oficiales del IRS para el llenado de este formulario puede descargarlas <a href=\"https:\/\/www.irs.gov\/pub\/irs-pdf\/iw8imy.pdf\" target=\"_blank\" rel=\"noopener\"><strong><i class=\"porto-icon-long-arrow-alt\"><\/i> AQU\u00cd<\/strong> .<\/a><\/li>\n<\/ol>\n<h4>Es importante mencionar que W-8 TAX no cubre los siguientes formularios:<\/h4>\n<ul>\n<li><a href=\"https:\/\/www.irs.gov\/pub\/irs-pdf\/fw8eci.pdf\" target=\"_blank\" rel=\"noopener\"><strong>W-8ECI<\/strong><\/a>: Para ingresos efectivamente conectados con un comercio o negocio en EE. UU. Las instrucciones oficiales del IRS para el llenado de este formulario puede descargarlas <a href=\"https:\/\/www.irs.gov\/pub\/irs-pdf\/iw8eci.pdf\" target=\"_blank\" rel=\"noopener\"><strong><i class=\"porto-icon-long-arrow-alt\"><\/i> AQU\u00cd<\/strong> .<\/a><\/li>\n<li><a href=\"https:\/\/www.irs.gov\/pub\/irs-pdf\/fw8exp.pdf\" target=\"_blank\" rel=\"noopener\"><strong>W-8EXP<\/strong><\/a>: Para gobiernos extranjeros y organizaciones exentas de impuestos sobre ingresos estadounidenses. Las instrucciones oficiales del IRS para el llenado de este formulario puede descargarlas <a href=\"https:\/\/www.irs.gov\/pub\/irs-pdf\/iw8exp.pdf\" target=\"_blank\" rel=\"noopener\"><strong><i class=\"porto-icon-long-arrow-alt\"><\/i> AQU\u00cd<\/strong> .<\/a><\/li>\n<li><a href=\"https:\/\/www.irs.gov\/pub\/irs-pdf\/fw8ce.pdf\" target=\"_blank\" rel=\"noopener\"><strong>W-8CE<\/strong><\/a>: Para expatriados que notifican su estatus de expatriaci\u00f3n y la posible renuncia a beneficios de tratados fiscales. Las instrucciones oficiales del IRS para el llenado de este formulario puede descargarlas <a href=\"https:\/\/www.irs.gov\/pub\/irs-pdf\/fw8ce.pdf\" target=\"_blank\" rel=\"noopener\"><strong><i class=\"porto-icon-long-arrow-alt\"><\/i> AQU\u00cd<\/strong> .<\/a><\/li>\n<\/ul>\n<h4>W-8 TAX se enfoca en facilitar el proceso de llenado de los formularios W-8 cuyo uso es m\u00e1s\u00a0 frecuente, facilitando que el usuario ante su instituci\u00f3n financiera \u00e1gilmente.<\/h4>\n\r\n\t\t<\/div>\r\n\t<\/div>\r\n<\/div><\/div><\/div><\/div><\/div><\/section><section class=\"vc_section vc_custom_1727797164247 vc_section-has-fill\"><div class=\"vc_row wpb_row top-row call-to-ation_content vc_custom_1727798222865 porto-inner-container wpb_custom_034b39d9bc6c6b310d69e39f0ccf274f\"><div class=\"porto-wrap-container container\"><div class=\"row align-items-center\"><div class=\"call-to-ation_content_text vc_column_container col-md-12 col-lg-8\"><div class=\"wpb_wrapper vc_column-inner\"><div class=\"porto-u-heading titulo-general mb-lg-0  wpb_custom_c9817bf9cbe0dcc8e82271db30fa6d2a porto-u-ad87e2eaf3f9c495180fe0156ddf3eb0 \"><div class=\"porto-u-main-heading\"><h1   style=\"color:var(--porto-light-color);\">Si tienes preguntas o necesitas asistencia adicional<\/h1><\/div><div class=\"porto-u-sub-heading\" style=\"color: #ffffff;\">\u00a1Estamos aqu\u00ed para ayudarte!<\/div><style>.porto-u-ad87e2eaf3f9c495180fe0156ddf3eb0.porto-u-heading{text-align:left}<\/style><\/div><\/div><\/div><div class=\"btn-call-action vc_column_container col-md-12 col-lg-4\"><div class=\"wpb_wrapper vc_column-inner\">\n\t<div class=\"wpb_raw_code wpb_raw_html wpb_content_element vc_custom_1727798069845\" >\n\t\t<div class=\"wpb_wrapper\">\n\t\t\t<div class=\"content-btn pb-lg-0 pb-3\"><a class=\"btn-hero reverse\" href=\"#\">CONT\u00c1CTANOS<\/a><\/div>\n\t\t<\/div>\n\t<\/div>\n<\/div><\/div><\/div><\/div><\/div><\/section>\n<\/div>","protected":false},"excerpt":{"rendered":"Tipos de formularios W-8 en W-8 TAX En W-8 TAX, entendemos la importancia de completar correctamente los formularios W-8 para garantizar un proceso \u00e1gil y sin complicaciones. Nuestra plataforma est\u00e1 dise\u00f1ada para automatizar el llenado de los formularios W-8 m\u00e1s comunes del IRS, que son: W-8BEN: Este formulario es utilizado por individuos no estadounidenses para [...]","protected":false},"author":1,"featured_media":0,"parent":0,"menu_order":0,"comment_status":"closed","ping_status":"closed","template":"","meta":{"inline_featured_image":false,"footnotes":""},"class_list":["post-3021","page","type-page","status-publish","hentry"],"_links":{"self":[{"href":"https:\/\/w-8.tax\/en\/wp-json\/wp\/v2\/pages\/3021","targetHints":{"allow":["GET"]}}],"collection":[{"href":"https:\/\/w-8.tax\/en\/wp-json\/wp\/v2\/pages"}],"about":[{"href":"https:\/\/w-8.tax\/en\/wp-json\/wp\/v2\/types\/page"}],"author":[{"embeddable":true,"href":"https:\/\/w-8.tax\/en\/wp-json\/wp\/v2\/users\/1"}],"replies":[{"embeddable":true,"href":"https:\/\/w-8.tax\/en\/wp-json\/wp\/v2\/comments?post=3021"}],"version-history":[{"count":0,"href":"https:\/\/w-8.tax\/en\/wp-json\/wp\/v2\/pages\/3021\/revisions"}],"wp:attachment":[{"href":"https:\/\/w-8.tax\/en\/wp-json\/wp\/v2\/media?parent=3021"}],"curies":[{"name":"wp","href":"https:\/\/api.w.org\/{rel}","templated":true}]}}