
{"id":2994,"date":"2024-10-01T15:13:51","date_gmt":"2024-10-01T15:13:51","guid":{"rendered":"https:\/\/w-8.tax\/?page_id=2994"},"modified":"2024-12-03T18:41:57","modified_gmt":"2024-12-03T18:41:57","slug":"terminos-y-condiciones-de-uso","status":"publish","type":"page","link":"https:\/\/w-8.tax\/en\/terminos-y-condiciones-de-uso\/","title":{"rendered":"T\u00e9rminos y condiciones de uso"},"content":{"rendered":"<div class=\"wpb-content-wrapper\"><section class=\"vc_section vc_custom_1727794980687\"><div id=\"d-none\" class=\"vc_row wpb_row top-row porto-inner-container wpb_custom_034b39d9bc6c6b310d69e39f0ccf274f\"><div class=\"porto-wrap-container container\"><div class=\"row\"><div class=\"vc_column_container col-md-12\"><div class=\"wpb_wrapper vc_column-inner\"><div class=\"porto-u-heading titulo-general  wpb_custom_95aa9a11c17ad45cfabaf210d84ee7cc porto-u-ad87e2eaf3f9c495180fe0156ddf3eb0 \"><div class=\"porto-u-main-heading\"><h1  >T\u00e9rminos y condiciones de uso<\/h1><\/div><style>.porto-u-ad87e2eaf3f9c495180fe0156ddf3eb0.porto-u-heading{text-align:left}<\/style><\/div><\/div><\/div><\/div><\/div><\/div><div class=\"vc_row wpb_row top-row porto-inner-container wpb_custom_034b39d9bc6c6b310d69e39f0ccf274f\"><div class=\"porto-wrap-container container\"><div class=\"row\"><div class=\"vc_column_container col-md-12\"><div class=\"wpb_wrapper vc_column-inner\">\r\n\t<div class=\"wpb_text_column wpb_content_element wpb_custom_7c91d232724f73626cc933bd95b25ff0\" >\r\n\t\t<div class=\"wpb_wrapper\">\r\n\t\t\t<p><strong><b>T\u00e9rminos y condiciones de uso<\/b><\/strong><\/p>\n<p>Al acceder y utilizar la plataforma de GIINTAX LATAM, S.E.P. para el llenado de formularios W-8, usted acepta los siguientes t\u00e9rminos y condiciones. Si no est\u00e1 de acuerdo con estos t\u00e9rminos, no debe utilizar nuestra plataforma.<\/p>\n<p><strong><b>Aceptaci\u00f3n de los T\u00e9rminos<\/b><\/strong><\/p>\n<p>Al hacer clic en \u00abAcepto\u00bb o al utilizar nuestros servicios, usted declara que ha le\u00eddo, entendido y acepta estos t\u00e9rminos y condiciones. Adem\u00e1s, al hacer uso de nuestra plataforma, usted afirma y garantiza que no es ciudadano ni residente de los Estados Unidos, ni una persona sujeta a impuestos en dicho pa\u00eds, y que no est\u00e1 utilizando esta plataforma en nombre de una entidad controlada por ciudadanos o residentes estadounidenses.<\/p>\n<p><strong><b>Descripci\u00f3n del Servicio<\/b><\/strong><\/p>\n<p>La plataforma de GIINTAX LATAM, S.E.P. permite a los usuarios llenar formularios W-8 de manera automatizada. No proporcionamos asesoramiento fiscal o legal a trav\u00e9s de la plataforma.<\/p>\n<p><strong><b>Limitaci\u00f3n de Responsabilidad<\/b><\/strong><\/p>\n<p>Uso del Servicio: Usted entiende y acepta que el uso de nuestra plataforma es bajo su propio riesgo. No garantizamos que la informaci\u00f3n proporcionada sea precisa, completa o actualizada, pues depende de las respuestas que usted suministre a la plataforma.<\/p>\n<p>Exoneraci\u00f3n de Responsabilidad: GIINTAX LATAM, S.E.P. no asume responsabilidad alguna por resarcimientos de da\u00f1os de cualquier \u00edndole, directos o indirectos, incidentales, especiales, consecuentes o punitivos, que surjan del uso o la imposibilidad de uso de nuestra plataforma, independientemente de la causa o la teor\u00eda de responsabilidad. Esto incluye, pero no se limita a, da\u00f1os por p\u00e9rdida de beneficios, interrupci\u00f3n del negocio, p\u00e9rdida de informaci\u00f3n o cualquier otra p\u00e9rdida pecuniaria o da\u00f1o moral o reputacional.<\/p>\n<p>Indemnizaci\u00f3n: Usted se compromete a indemnizar y mantener indemne a GIINTAX LATAM, S.E.P. y sus afiliados, directores, empleados y agentes de cualquier reclamo, p\u00e9rdida, responsabilidad, da\u00f1o, costo o gasto (incluidos honorarios razonables de abogados) que surjan del uso de la plataforma, por parte de usted, o de la violaci\u00f3n de estos t\u00e9rminos.<\/p>\n<p><strong><b>Limitaciones del Servicio<\/b><\/strong><\/p>\n<p>No Asesoramiento Profesional: La informaci\u00f3n y los formularios generados por nuestra plataforma no constituyen asesoramiento legal o fiscal. Se recomienda consultar a un profesional calificado para cualquier consulta espec\u00edfica relacionada con impuestos.<\/p>\n<p>Acceso y Disponibilidad: No garantizamos que el acceso a la plataforma sea ininterrumpido o libre de errores. Nos reservamos el derecho a interrumpir o modificar el servicio en cualquier momento.<\/p>\n<p><strong><b>Modificaciones a los T\u00e9rminos<\/b><\/strong><\/p>\n<p>Nos reservamos el derecho de modificar estos t\u00e9rminos en cualquier momento. Las modificaciones ser\u00e1n efectivas en el momento de su publicaci\u00f3n en la plataforma. Su uso continuado de la plataforma despu\u00e9s de la publicaci\u00f3n de cambios constituye su aceptaci\u00f3n de dichos cambios.<\/p>\n<p><strong><b>Ley Aplicable<\/b><\/strong><\/p>\n<p>Estos t\u00e9rminos se regir\u00e1n e interpretar\u00e1n de acuerdo con las leyes de la Rep\u00fablica de Panam\u00e1. Cualquier disputa que surja en relaci\u00f3n con estos t\u00e9rminos ser\u00e1 resuelta ante los tribunales ordinarios de la Ciudad de Panam\u00e1.<\/p>\n<h2><strong><b>Protecci\u00f3n de Datos<\/b><\/strong><\/h2>\n<p>GIINTAX LATAM, S.E.P. se compromete a proteger la privacidad y los datos personales de los usuarios de acuerdo con las leyes aplicables de protecci\u00f3n de datos, incluyendo, cuando corresponda, la Ley N.\u00ba 81 de Protecci\u00f3n de Datos Personales de Panam\u00e1 y otras normativas internacionales pertinentes.<\/p>\n<p>Al utilizar nuestra plataforma, usted consiente el tratamiento de sus datos personales para los fines espec\u00edficos de la prestaci\u00f3n del servicio, incluyendo el llenado automatizado de formularios W-8 y la gesti\u00f3n de su informaci\u00f3n de acuerdo con nuestra pol\u00edtica de privacidad. Esta informaci\u00f3n ser\u00e1 utilizada \u00fanicamente para los fines indicados y no ser\u00e1 compartida con terceros sin su consentimiento expreso, salvo cuando sea requerido por ley, en caso de contar con dichos datos a\u00fan.<\/p>\n\r\n\t\t<\/div>\r\n\t<\/div>\r\n<\/div><\/div><\/div><\/div><\/div><\/section><section class=\"vc_section vc_custom_1727797164247 vc_section-has-fill\"><div class=\"vc_row wpb_row top-row vc_custom_1727203846429 porto-inner-container wpb_custom_034b39d9bc6c6b310d69e39f0ccf274f\"><div class=\"porto-wrap-container container\"><div class=\"row\"><div class=\"vc_column_container col-md-12\"><div class=\"wpb_wrapper vc_column-inner\"><div class=\"porto-block\" data-id=\"2878\"><style>.vc_custom_1727903183143{margin-bottom: 0px !important;}.wpb_custom_c9817bf9cbe0dcc8e82271db30fa6d2a .porto-u-sub-heading{font-size:20px;}.wpb_custom_c9817bf9cbe0dcc8e82271db30fa6d2a .porto-u-sub-heading{font-weight:500;line-height:25px;}<\/style><div class=\"vc_row wpb_row row top-row call-to-ation_content wpb_custom_034b39d9bc6c6b310d69e39f0ccf274f\"><div class=\"call-to-ation_content_text vc_column_container col-md-12 col-lg-8\"><div class=\"wpb_wrapper vc_column-inner\"><div class=\"porto-u-heading titulo-general  wpb_custom_c9817bf9cbe0dcc8e82271db30fa6d2a porto-u-ad87e2eaf3f9c495180fe0156ddf3eb0 \"><div class=\"porto-u-main-heading\"><h1   style=\"color:var(--porto-light-color);\">\u00a1Automat\u00edzate! Olv\u00eddate de la confusi\u00f3n y los errores<\/h1><\/div><div class=\"porto-u-sub-heading\" style=\"color: #ffffff;\">Obt\u00e9n tu formulario W-8 en minutos y contin\u00faa con tus gestiones financieras sin contratiempos.<\/div><style>.porto-u-ad87e2eaf3f9c495180fe0156ddf3eb0.porto-u-heading{text-align:left}<\/style><\/div><\/div><\/div><div class=\"btn-call-action vc_column_container col-md-12 col-lg-4\"><div class=\"wpb_wrapper vc_column-inner\">\n\t<div class=\"wpb_raw_code wpb_raw_html wpb_content_element vc_custom_1727903183143\" >\n\t\t<div class=\"wpb_wrapper\">\n\t\t\t<div class=\"content-btn pb-lg-0 pb-3\"><a class=\"btn-hero reverse\" href=\"https:\/\/develop1.webstudiopanama.com\/w8-tax\/formulario\">COMIENZA AHORA<\/a><\/div>\n\t\t<\/div>\n\t<\/div>\n<\/div><\/div><\/div><\/div><\/div><\/div><\/div><\/div><\/div><\/section>\n<\/div>","protected":false},"excerpt":{"rendered":"T\u00e9rminos y condiciones de uso T\u00e9rminos y condiciones de uso Al acceder y utilizar la plataforma de GIINTAX LATAM, S.E.P. para el llenado de formularios W-8, usted acepta los siguientes t\u00e9rminos y condiciones. Si no est\u00e1 de acuerdo con estos t\u00e9rminos, no debe utilizar nuestra plataforma. Aceptaci\u00f3n de los T\u00e9rminos Al hacer clic en \u00abAcepto\u00bb [...]","protected":false},"author":1,"featured_media":0,"parent":0,"menu_order":0,"comment_status":"closed","ping_status":"closed","template":"","meta":{"inline_featured_image":false,"footnotes":""},"class_list":["post-2994","page","type-page","status-publish","hentry"],"_links":{"self":[{"href":"https:\/\/w-8.tax\/en\/wp-json\/wp\/v2\/pages\/2994","targetHints":{"allow":["GET"]}}],"collection":[{"href":"https:\/\/w-8.tax\/en\/wp-json\/wp\/v2\/pages"}],"about":[{"href":"https:\/\/w-8.tax\/en\/wp-json\/wp\/v2\/types\/page"}],"author":[{"embeddable":true,"href":"https:\/\/w-8.tax\/en\/wp-json\/wp\/v2\/users\/1"}],"replies":[{"embeddable":true,"href":"https:\/\/w-8.tax\/en\/wp-json\/wp\/v2\/comments?post=2994"}],"version-history":[{"count":0,"href":"https:\/\/w-8.tax\/en\/wp-json\/wp\/v2\/pages\/2994\/revisions"}],"wp:attachment":[{"href":"https:\/\/w-8.tax\/en\/wp-json\/wp\/v2\/media?parent=2994"}],"curies":[{"name":"wp","href":"https:\/\/api.w.org\/{rel}","templated":true}]}}