
{"id":2989,"date":"2024-10-01T15:25:38","date_gmt":"2024-10-01T15:25:38","guid":{"rendered":"https:\/\/w-8.tax\/?page_id=2989"},"modified":"2024-10-25T17:53:16","modified_gmt":"2024-10-25T17:53:16","slug":"que-es-el-w-8-y-para-que-se-usa","status":"publish","type":"page","link":"https:\/\/w-8.tax\/en\/que-es-el-w-8-y-para-que-se-usa\/","title":{"rendered":"\u00bfQu\u00e9 es el W-8 y para qu\u00e9 se usa?"},"content":{"rendered":"<div class=\"wpb-content-wrapper\"><section class=\"vc_section vc_custom_1727795902463\"><div class=\"vc_row wpb_row top-row porto-inner-container wpb_custom_034b39d9bc6c6b310d69e39f0ccf274f\"><div class=\"porto-wrap-container container\"><div class=\"row\"><div class=\"vc_column_container col-md-12\"><div class=\"wpb_wrapper vc_column-inner\"><div class=\"porto-u-heading titulo-general  wpb_custom_95aa9a11c17ad45cfabaf210d84ee7cc porto-u-ad87e2eaf3f9c495180fe0156ddf3eb0 \"><div class=\"porto-u-main-heading\"><h1  >\u00bfQu\u00e9 es el W-8 y para qu\u00e9 se usa?<\/h1><\/div><style>.porto-u-ad87e2eaf3f9c495180fe0156ddf3eb0.porto-u-heading{text-align:left}<\/style><\/div><\/div><\/div><\/div><\/div><\/div><div class=\"vc_row wpb_row top-row vc_custom_1727199855669 porto-inner-container wpb_custom_034b39d9bc6c6b310d69e39f0ccf274f\"><div class=\"porto-wrap-container container\"><div class=\"row\"><div class=\"vc_column_container col-md-12 col-lg-6\"><div class=\"wpb_wrapper vc_column-inner\">\r\n\t<div class=\"wpb_text_column wpb_content_element wpb_custom_7c91d232724f73626cc933bd95b25ff0\" >\r\n\t\t<div class=\"wpb_wrapper\">\r\n\t\t\t<p>Los formularios de la serie W-8 son documentos oficiales del Servicio de Impuestos Internos de los Estados Unidos (IRS) que deben ser completados por personas o entidades extranjeras (no estadounidenses) que perciban ingresos de fuentes en EE.UU. o posean cuentas financieras en instituciones de cualquier parte del mundo, cuando dichas instituciones est\u00e9n obligadas a cumplir con la Ley de Cumplimiento Tributario de Cuentas Extranjeras (FATCA) de EE.UU.<\/p>\n<p>Estos formularios permiten certificar que no eres una Persona Estadounidense, lo cual puede eximirte de que tu cuenta sea reportada al IRS bajo FATCA, evitar la aplicaci\u00f3n de ciertos impuestos sobre ingresos generados en EE.UU. o permitirte acceder a tasas de retenci\u00f3n reducidas gracias a los tratados fiscales entre EE.UU. y tu pa\u00eds de residencia.<\/p>\n<p>Es fundamental completar correctamente el formulario W-8 para evitar retenciones fiscales innecesariamente altas o, en algunos casos, que la instituci\u00f3n financiera bloquee o restrinja tu cuenta. Las instituciones financieras de EE.UU. deben solicitar estos formularios para cumplir con la normativa del IRS, mientras que las instituciones financieras fuera de EE.UU. suelen requerirlos para cumplir con FATCA, que las obliga a reportar cuentas e inversiones de personas estadounidenses fuera del pa\u00eds. Por ello, los formularios W-8 son esenciales para identificarte como una persona no estadounidense.<\/p>\n<p><strong>W-8 TAX simplifica el proceso al automatizar de manera inteligente el llenado del formulario correcto, sin complicaciones, ahorrando tiempo y reduciendo al m\u00ednimo los errores.<\/strong><\/p>\n\r\n\t\t<\/div>\r\n\t<\/div>\r\n<\/div><\/div><div class=\"vc_column_container col-md-12 col-lg-6 vc_custom_1727796111216\"><div class=\"wpb_wrapper vc_column-inner\">\r\n\t<div class=\"wpb_single_image wpb_content_element vc_align_center wpb_content_element  vc_custom_1727805881075  img-vector_form wpb_custom_81a4f7ef9830bf958462581aa01150fb\"><div class=\"wpb_wrapper\">\r\n\t\t\t\r\n\t\t\t<div class=\"vc_single_image-wrapper   vc_box_border_grey\"><img loading=\"lazy\" decoding=\"async\" width=\"1\" height=\"1\" src=\"https:\/\/w-8.tax\/wp-content\/uploads\/2024\/10\/Fill-out-amico.svg\" class=\"vc_single_image-img attachment-full\" alt=\"\" title=\"\u00bfQu\u00e9 es el W-8 y para qu\u00e9 se usa?\" \/><\/div>\r\n\t\t<\/div>\r\n\t<\/div>\r\n<\/div><\/div><\/div><\/div><\/div><\/section><section class=\"vc_section vc_custom_1727797164247 vc_section-has-fill\"><div class=\"vc_row wpb_row top-row vc_custom_1727203846429 porto-inner-container wpb_custom_034b39d9bc6c6b310d69e39f0ccf274f\"><div class=\"porto-wrap-container container\"><div class=\"row\"><div class=\"vc_column_container col-md-12\"><div class=\"wpb_wrapper vc_column-inner\"><div class=\"porto-block\" data-id=\"2878\"><style>.vc_custom_1727903183143{margin-bottom: 0px !important;}.wpb_custom_c9817bf9cbe0dcc8e82271db30fa6d2a .porto-u-sub-heading{font-size:20px;}.wpb_custom_c9817bf9cbe0dcc8e82271db30fa6d2a .porto-u-sub-heading{font-weight:500;line-height:25px;}<\/style><div class=\"vc_row wpb_row row top-row call-to-ation_content wpb_custom_034b39d9bc6c6b310d69e39f0ccf274f\"><div class=\"call-to-ation_content_text vc_column_container col-md-12 col-lg-8\"><div class=\"wpb_wrapper vc_column-inner\"><div class=\"porto-u-heading titulo-general  wpb_custom_c9817bf9cbe0dcc8e82271db30fa6d2a porto-u-ad87e2eaf3f9c495180fe0156ddf3eb0 \"><div class=\"porto-u-main-heading\"><h1   style=\"color:var(--porto-light-color);\">\u00a1Automat\u00edzate! Olv\u00eddate de la confusi\u00f3n y los errores<\/h1><\/div><div class=\"porto-u-sub-heading\" style=\"color: #ffffff;\">Obt\u00e9n tu formulario W-8 en minutos y contin\u00faa con tus gestiones financieras sin contratiempos.<\/div><style>.porto-u-ad87e2eaf3f9c495180fe0156ddf3eb0.porto-u-heading{text-align:left}<\/style><\/div><\/div><\/div><div class=\"btn-call-action vc_column_container col-md-12 col-lg-4\"><div class=\"wpb_wrapper vc_column-inner\">\n\t<div class=\"wpb_raw_code wpb_raw_html wpb_content_element vc_custom_1727903183143\" >\n\t\t<div class=\"wpb_wrapper\">\n\t\t\t<div class=\"content-btn pb-lg-0 pb-3\"><a class=\"btn-hero reverse\" href=\"https:\/\/develop1.webstudiopanama.com\/w8-tax\/formulario\">COMIENZA AHORA<\/a><\/div>\n\t\t<\/div>\n\t<\/div>\n<\/div><\/div><\/div><\/div><\/div><\/div><\/div><\/div><\/div><\/section>\n<\/div>","protected":false},"excerpt":{"rendered":"\u00bfQu\u00e9 es el W-8 y para qu\u00e9 se usa? Los formularios de la serie W-8 son documentos oficiales del Servicio de Impuestos Internos de los Estados Unidos (IRS) que deben ser completados por personas o entidades extranjeras (no estadounidenses) que perciban ingresos de fuentes en EE.UU. o posean cuentas financieras en instituciones de cualquier parte [...]","protected":false},"author":1,"featured_media":0,"parent":0,"menu_order":0,"comment_status":"closed","ping_status":"closed","template":"","meta":{"inline_featured_image":false,"footnotes":""},"class_list":["post-2989","page","type-page","status-publish","hentry"],"_links":{"self":[{"href":"https:\/\/w-8.tax\/en\/wp-json\/wp\/v2\/pages\/2989","targetHints":{"allow":["GET"]}}],"collection":[{"href":"https:\/\/w-8.tax\/en\/wp-json\/wp\/v2\/pages"}],"about":[{"href":"https:\/\/w-8.tax\/en\/wp-json\/wp\/v2\/types\/page"}],"author":[{"embeddable":true,"href":"https:\/\/w-8.tax\/en\/wp-json\/wp\/v2\/users\/1"}],"replies":[{"embeddable":true,"href":"https:\/\/w-8.tax\/en\/wp-json\/wp\/v2\/comments?post=2989"}],"version-history":[{"count":0,"href":"https:\/\/w-8.tax\/en\/wp-json\/wp\/v2\/pages\/2989\/revisions"}],"wp:attachment":[{"href":"https:\/\/w-8.tax\/en\/wp-json\/wp\/v2\/media?parent=2989"}],"curies":[{"name":"wp","href":"https:\/\/api.w.org\/{rel}","templated":true}]}}